{"id":13513,"date":"2019-07-25T11:52:26","date_gmt":"2019-07-25T09:52:26","guid":{"rendered":"https:\/\/estroje.sk\/references\/"},"modified":"2025-05-26T20:06:40","modified_gmt":"2025-05-26T18:06:40","slug":"references","status":"publish","type":"page","link":"https:\/\/estroje.sk\/en\/references\/","title":{"rendered":"References"},"content":{"rendered":"<div class=\"wpb-content-wrapper\"><p>[vc_row full_width=&#8221;stretch_row_content&#8221; bg_type=&#8221;bg_color&#8221; bg_override=&#8221;ex-full&#8221; bg_color_value=&#8221;#f7f7f7&#8243; el_id=&#8221;References&#8221;][vc_column][vc_empty_space height=&#8221;20px&#8221;][vc_row_inner][vc_column_inner width=&#8221;1\/4&#8243;][\/vc_column_inner][vc_column_inner width=&#8221;1\/2&#8243;][vc_custom_heading text=&#8221;The use of machines is very wide not only in the advertising industry.&#8221; font_container=&#8221;tag:p|font_size:18px|text_align:center&#8221; use_theme_fonts=&#8221;yes&#8221;][\/vc_column_inner][vc_column_inner width=&#8221;1\/4&#8243;][\/vc_column_inner][\/vc_row_inner][vc_empty_space height=&#8221;50px&#8221;]<style type='text\/css'>#cbpw-wrap82 {margin:0px 0px 0px 0px;}#cbpw-grid82 .cbp-l-caption-title {color:#f0f0f0;background-color:transparent;font-size:16px;font-family:Open Sans;font-weight:600;font-style:normal;line-height:21px;text-align:center;padding:0px 0px 0px 0px;margin:10px 0px 0px 0px;text-transform:none;}#cbpw-grid82 .cbp-l-caption-desc {color:#edf3f5;background-color:transparent;font-size:11px;font-family:Quicksand,Arial;font-weight:400;font-style:normal;line-height:16px;text-align:center;padding:0px 0px 0px 0px;margin:0px 0px 0px 0px;text-transform:none;}#cbpw-grid82 .cbp-caption-activeWrap {background-color:#ecb44b;}#cbpw-filters30 .cbp-l-filters-dropdownWrap {background-color:#28b7eb;}#cbpw-filters30 .cbp-l-filters-dropdownHeader {background-color:#28b7eb;color:#FFFFFF;font-size:12px;font-family:Open Sans;font-weight:600;font-style:normal;line-height:38px;margin:0px 15px 0px 15px;text-transform:uppercase;}#cbpw-filters30 .cbp-filter-item {background-color:#0a0e25cc;border-width:1px 0px 0px 0px;border-style:solid;border-color:#0a0e25;color:#a1a3b3;font-size:12px;font-family:Open Sans;font-weight:700;font-style:normal;line-height:40px;padding:0px 17px 0px 17px;text-transform:uppercase;}#cbpw-filters30 .cbp-filter-item:hover {background-color:#28b7eb;border-width:1px 0px 0px 0px;border-style:solid;border-color:#28b7eb;color:#ffffff;font-size:12px;font-family:Open Sans;font-weight:700;font-style:normal;line-height:40px;padding:0px 17px 0px 17px;text-transform:uppercase;}#cbpw-filters30 .cbp-filter-item.cbp-filter-item-active {background-color:#0a0e25cc;border-width:1px 0px 0px 0px;border-style:solid;border-color:#11162e;color:#FFFFFF;font-size:12px;font-family:Open Sans;font-weight:700;font-style:normal;line-height:40px;padding:0px 17px 0px 17px;text-transform:uppercase;}#cbpw-filters30 .cbp-filter-item.cbp-filter-item-active:hover {background-color:#28b7eb;border-width:1px 0px 0px 0px;border-style:solid;border-color:#11162e;color:#FFFFFF;font-size:12px;font-family:Open Sans;font-weight:700;font-style:normal;line-height:40px;padding:0px 17px 0px 17px;text-transform:uppercase;}#cbpw-loadMore82 .cbp-l-loadMore-link {color:#212121;background-color:transparent;border-width:2px 2px 2px 2px;border-style:solid;border-color:#303030;font-size:12px;font-family:Open Sans;font-weight:600;font-style:normal;line-height:34px;text-align:center;padding:0px 30px 0px 30px;margin:40px 0px 0px 0px;text-transform:none;}#cbpw-loadMore82 .cbp-l-loadMore-link:hover {color:#212121;background-color:transparent;border-width:2px 2px 2px 2px;border-style:solid;border-color:#303030;font-size:12px;font-family:Open Sans;font-weight:600;font-style:normal;line-height:34px;text-align:center;padding:0px 30px 0px 30px;margin:40px 0px 0px 0px;text-transform:none;}#cbpw-loadMore82 .cbp-l-loadMore-loading {color:#212121;background-color:transparent;border-width:2px 2px 2px 2px;border-style:solid;border-color:#303030;font-size:12px;font-family:Open Sans;font-weight:600;font-style:normal;line-height:34px;text-align:center;padding:0px 30px 0px 30px;margin:40px 0px 0px 0px;text-transform:none;}#cbpw-loadMore82 .cbp-l-loadMore-loading:hover {color:#212121;background-color:transparent;border-width:2px 2px 2px 2px;border-style:solid;border-color:#303030;font-size:12px;font-family:Open Sans;font-weight:600;font-style:normal;line-height:34px;text-align:center;padding:0px 30px 0px 30px;margin:40px 0px 0px 0px;text-transform:none;}#cbpw-loadMore82 .cbp-l-loadMore-stop {color:#B0B0B0;background-color:transparent;border-width:1px 1px 1px 1px;border-style:solid;border-color:#DEDEDE;font-size:12px;font-family:Open Sans;font-weight:600;font-style:normal;line-height:34px;text-align:center;padding:0px 30px 0px 30px;margin:40px 0px 0px 0px;text-transform:none;}#cbpw-loadMore82 .cbp-l-loadMore-stop:hover {color:#B0B0B0;background-color:transparent;border-width:1px 1px 1px 1px;border-style:solid;border-color:#DEDEDE;font-size:12px;font-family:Open Sans;font-weight:600;font-style:normal;line-height:34px;text-align:center;padding:0px 30px 0px 30px;margin:40px 0px 0px 0px;text-transform:none;}#cbpw-singlePage82 .cbp-popup-navigation-wrap {background-color:#34425C;}#cbpw-singlePage82 .cbp-popup-singlePage-counter {color:#bbc0df;font-size:13px;font-family:Open Sans;font-weight:400;font-style:normal;}<\/style><link rel=\"stylesheet\" href=\"\/\/fonts.googleapis.com\/css?family=Open+Sans:600normal,700normal,400normal\" type=\"text\/css\" media=\"all\" property=\"stylesheet\"><link rel=\"stylesheet\" href=\"\/\/fonts.googleapis.com\/css?family=Quicksand:400normal\" type=\"text\/css\" media=\"all\" property=\"stylesheet\"><div id=\"cbpw-wrap82\"><div id=\"cbpw-grid82\" class=\"cbp-l-grid-gallery cbp\"><div><div class=\"cbp-item des-project slider cbp-ratio-even\" data-cbp-coverratio=\"4:3\"><a href=\"\/\/estroje.sk\/wp-content\/uploads\/2019\/06\/fircaligumuslazerplakasi.jpg\" class=\"cbp-caption cbp-lightbox\" data-title=\"V\u00fdroba \u0161t\u00edtkov laserom\" style=\"\"><div class=\"cbp-caption-defaultWrap\"><img decoding=\"async\" src=\"\/\/estroje.sk\/wp-content\/uploads\/2019\/06\/fircaligumuslazerplakasi.jpg\" alt=\"\"><\/div><div class=\"cbp-caption-activeWrap\"><div class=\"cbp-l-caption-alignLeft\"><div class=\"cbp-l-caption-body\"><div class=\"cbp-l-caption-title\">Informa\u010dn\u00e9 syst\u00e9my<\/div><\/div><\/div><\/div><\/a><\/div><div class=\"cbp-item des-project slider cbp-ratio-even\" data-cbp-coverratio=\"4:3\"><a href=\"\/\/estroje.sk\/wp-content\/uploads\/2019\/06\/7-1.jpg\" class=\"cbp-caption cbp-lightbox\" data-title=\"Informa\u010dn\u00e9 syst\u00e9mi\" style=\"\"><div class=\"cbp-caption-defaultWrap\"><img decoding=\"async\" src=\"\/\/estroje.sk\/wp-content\/uploads\/2019\/06\/7-1.jpg\" alt=\"\"><\/div><div class=\"cbp-caption-activeWrap\"><div class=\"cbp-l-caption-alignLeft\"><div class=\"cbp-l-caption-body\"><div class=\"cbp-l-caption-title\">Informa\u010dn\u00e9 syst\u00e9my<\/div><\/div><\/div><\/div><\/a><\/div><div class=\"cbp-item des-project slider cbp-ratio-even\" data-cbp-coverratio=\"4:3\"><a href=\"\/\/estroje.sk\/wp-content\/uploads\/2019\/06\/7.jpg\" class=\"cbp-caption cbp-lightbox\" data-title=\"Grav\u00edrovanie plexiskla\" style=\"\"><div class=\"cbp-caption-defaultWrap\"><img decoding=\"async\" src=\"\/\/estroje.sk\/wp-content\/uploads\/2019\/06\/7.jpg\" alt=\"\"><\/div><div class=\"cbp-caption-activeWrap\"><div class=\"cbp-l-caption-alignLeft\"><div class=\"cbp-l-caption-body\"><div class=\"cbp-l-caption-title\">Grav\u00edrovanie plexiskla<\/div><\/div><\/div><\/div><\/a><\/div><div class=\"cbp-item des-project slider cbp-ratio-even\" data-cbp-coverratio=\"4:3\"><a href=\"\/\/estroje.sk\/wp-content\/uploads\/2019\/06\/58137c01540b58.57082126_slider.jpeg\" class=\"cbp-caption cbp-lightbox\" data-title=\"Ozna\u010dovanie laserom\" style=\"\"><div class=\"cbp-caption-defaultWrap\"><img decoding=\"async\" src=\"\/\/estroje.sk\/wp-content\/uploads\/2019\/06\/58137c01540b58.57082126_slider.jpeg\" alt=\"\"><\/div><div class=\"cbp-caption-activeWrap\"><div class=\"cbp-l-caption-alignLeft\"><div class=\"cbp-l-caption-body\"><div class=\"cbp-l-caption-title\">Ozna\u010dovanie laserom<\/div><\/div><\/div><\/div><\/a><\/div><div class=\"cbp-item des-project slider cbp-ratio-even\" data-cbp-coverratio=\"4:3\"><a href=\"\/\/estroje.sk\/wp-content\/uploads\/2019\/06\/4-2.jpg\" class=\"cbp-caption cbp-lightbox\" data-title=\"Grav\u00edrovanie a UV potla\u010d\" style=\"\"><div class=\"cbp-caption-defaultWrap\"><img decoding=\"async\" src=\"\/\/estroje.sk\/wp-content\/uploads\/2019\/06\/4-2.jpg\" alt=\"\"><\/div><div class=\"cbp-caption-activeWrap\"><div class=\"cbp-l-caption-alignLeft\"><div class=\"cbp-l-caption-body\"><div class=\"cbp-l-caption-title\">Grav\u00edrovanie a UV potla\u010d<\/div><\/div><\/div><\/div><\/a><\/div><div class=\"cbp-item des-project slider cbp-ratio-even\" data-cbp-coverratio=\"4:3\"><a href=\"\/\/estroje.sk\/wp-content\/uploads\/2019\/06\/01471dff-425c-4fa9-bdb6-jj.jpg\" class=\"cbp-caption cbp-lightbox\" data-title=\"Rezanie dreva laserom\" style=\"\"><div class=\"cbp-caption-defaultWrap\"><img decoding=\"async\" src=\"\/\/estroje.sk\/wp-content\/uploads\/2019\/06\/01471dff-425c-4fa9-bdb6-jj.jpg\" alt=\"\"><\/div><div class=\"cbp-caption-activeWrap\"><div class=\"cbp-l-caption-alignLeft\"><div class=\"cbp-l-caption-body\"><div class=\"cbp-l-caption-title\">Rezanie dreva laserom<\/div><\/div><\/div><\/div><\/a><\/div><div class=\"cbp-item des-project slider cbp-ratio-even\" data-cbp-coverratio=\"4:3\"><a href=\"\/\/estroje.sk\/wp-content\/uploads\/2019\/06\/5-1.jpg\" class=\"cbp-caption cbp-lightbox\" data-title=\"Grav\u00edrovanie\" style=\"\"><div class=\"cbp-caption-defaultWrap\"><img decoding=\"async\" src=\"\/\/estroje.sk\/wp-content\/uploads\/2019\/06\/5-1.jpg\" alt=\"\"><\/div><div class=\"cbp-caption-activeWrap\"><div class=\"cbp-l-caption-alignLeft\"><div class=\"cbp-l-caption-body\"><div class=\"cbp-l-caption-title\">Grav\u00edrovanie<\/div><\/div><\/div><\/div><\/a><\/div><div class=\"cbp-item des-project slider cbp-ratio-even\" data-cbp-coverratio=\"4:3\"><a href=\"\/\/estroje.sk\/wp-content\/uploads\/2019\/06\/19.jpg\" class=\"cbp-caption cbp-lightbox\" data-title=\"Rezanie dreva laserom\" style=\"\"><div class=\"cbp-caption-defaultWrap\"><img decoding=\"async\" src=\"\/\/estroje.sk\/wp-content\/uploads\/2019\/06\/19.jpg\" alt=\"\"><\/div><div class=\"cbp-caption-activeWrap\"><div class=\"cbp-l-caption-alignLeft\"><div class=\"cbp-l-caption-body\"><div class=\"cbp-l-caption-title\">Rezanie dreva laserom<\/div><\/div><\/div><\/div><\/a><\/div><div class=\"cbp-item des-project slider cbp-ratio-even\" data-cbp-coverratio=\"4:3\"><a href=\"\/\/estroje.sk\/wp-content\/uploads\/2019\/06\/2-1.jpg\" class=\"cbp-caption cbp-lightbox\" data-title=\"Rezanie laserom a UV potla\u010d\" style=\"\"><div class=\"cbp-caption-defaultWrap\"><img decoding=\"async\" src=\"\/\/estroje.sk\/wp-content\/uploads\/2019\/06\/2-1.jpg\" alt=\"\"><\/div><div class=\"cbp-caption-activeWrap\"><div class=\"cbp-l-caption-alignLeft\"><div class=\"cbp-l-caption-body\"><div class=\"cbp-l-caption-title\">Rezanie laserom a UV potla\u010d<\/div><\/div><\/div><\/div><\/a><\/div><div class=\"cbp-item des-project slider cbp-ratio-even\" data-cbp-coverratio=\"4:3\"><a href=\"\/\/estroje.sk\/wp-content\/uploads\/2019\/06\/14.jpg\" class=\"cbp-caption cbp-lightbox\" data-title=\"Laserove grav\u00edrovanie\" style=\"\"><div class=\"cbp-caption-defaultWrap\"><img decoding=\"async\" src=\"\/\/estroje.sk\/wp-content\/uploads\/2019\/06\/14.jpg\" alt=\"\"><\/div><div class=\"cbp-caption-activeWrap\"><div class=\"cbp-l-caption-alignLeft\"><div class=\"cbp-l-caption-body\"><div class=\"cbp-l-caption-title\">Laserove grav\u00edrovanie<\/div><\/div><\/div><\/div><\/a><\/div><div class=\"cbp-item des-project slider cbp-ratio-even\" data-cbp-coverratio=\"4:3\"><a href=\"\/\/estroje.sk\/wp-content\/uploads\/2019\/06\/kontraplak-2-1.jpg\" class=\"cbp-caption cbp-lightbox\" data-title=\"Rezanie laserom\" style=\"\"><div class=\"cbp-caption-defaultWrap\"><img decoding=\"async\" src=\"\/\/estroje.sk\/wp-content\/uploads\/2019\/06\/kontraplak-2-1.jpg\" alt=\"\"><\/div><div class=\"cbp-caption-activeWrap\"><div class=\"cbp-l-caption-alignLeft\"><div class=\"cbp-l-caption-body\"><div class=\"cbp-l-caption-title\">Rezanie laserom<\/div><\/div><\/div><\/div><\/a><\/div><\/div><\/div><\/div><script type=\"text\/javascript\">this.initCubePortfolio =  this.initCubePortfolio || []; this.initCubePortfolio.push({id: 82, options: {\"filters\":\"\",\"loadMore\":\"\",\"loadMoreAction\":\"auto\",\"search\":\"\",\"layoutMode\":\"mosaic\",\"sortToPreventGaps\":false,\"drag\":true,\"auto\":false,\"autoTimeout\":5000,\"autoPauseOnHover\":true,\"showNavigation\":false,\"showPagination\":false,\"rewindNav\":false,\"scrollByPage\":false,\"defaultFilter\":\"*\",\"filterDeeplinking\":false,\"animationType\":\"3dflip\",\"gridAdjustment\":\"responsive\",\"mediaQueries\":[{\"width\":1400,\"cols\":3},{\"width\":1170,\"cols\":3},{\"width\":1024,\"cols\":3},{\"width\":960,\"cols\":3},{\"width\":778,\"cols\":3},{\"width\":640,\"cols\":3},{\"width\":480,\"cols\":1}],\"gapHorizontal\":20,\"gapVertical\":20,\"caption\":\"overlayBottomAlong\",\"displayType\":\"bottomToTop\",\"displayTypeSpeed\":200,\"lightboxDelegate\":\".cbp-lightbox\",\"lightboxGallery\":true,\"lightboxTitleSrc\":\"data-title\",\"lightboxCounter\":\"<div class=\\\"cbp-popup-lightbox-counter\\\">{{current}} of {{total}}<\/div>\",\"singlePageDelegate\":\".cbp-singlePage\",\"singlePageDeeplinking\":true,\"singlePageStickyNavigation\":true,\"singlePageCounter\":\"<div class=\\\"cbp-popup-singlePage-counter\\\">{{current}} of {{total}}<\/div>\",\"singlePageAnimation\":\"middle\",\"singlePageInlineDelegate\":\".cbp-singlePageInline\",\"singlePageInlineDeeplinking\":false,\"singlePageInlinePosition\":\"below\",\"singlePageInlineInFocus\":true,\"plugins\":{},\"cols\":3,\"coverRatio\":\"300:267\",\"displayItemsLoadMore\":3}});<\/script>[vc_empty_space height=&#8221;20px&#8221;][\/vc_column][\/vc_row]<\/p>\n<\/div>","protected":false},"excerpt":{"rendered":"<p>[vc_row full_width=&#8221;stretch_row_content&#8221; bg_type=&#8221;bg_color&#8221; bg_override=&#8221;ex-full&#8221; bg_color_value=&#8221;#f7f7f7&#8243; el_id=&#8221;References&#8221;][vc_column][vc_empty_space height=&#8221;20px&#8221;][vc_row_inner][vc_column_inner width=&#8221;1\/4&#8243;][\/vc_column_inner][vc_column_inner width=&#8221;1\/2&#8243;][vc_custom_heading text=&#8221;The use of machines is very wide not only in the advertising industry.&#8221; font_container=&#8221;tag:p|font_size:18px|text_align:center&#8221; use_theme_fonts=&#8221;yes&#8221;][\/vc_column_inner][vc_column_inner width=&#8221;1\/4&#8243;][\/vc_column_inner][\/vc_row_inner][vc_empty_space height=&#8221;50px&#8221;][vc_empty_space height=&#8221;20px&#8221;][\/vc_column][\/vc_row]<\/p>\n","protected":false},"author":1,"featured_media":0,"parent":0,"menu_order":0,"comment_status":"closed","ping_status":"closed","template":"page.php","meta":{"footnotes":""},"class_list":["post-13513","page","type-page","status-publish","hentry"],"yoast_head":"<!-- This site is optimized with the Yoast SEO plugin v27.5 - https:\/\/yoast.com\/product\/yoast-seo-wordpress\/ -->\n<title>References - Estroje.sk<\/title>\n<meta name=\"robots\" content=\"index, follow, max-snippet:-1, max-image-preview:large, max-video-preview:-1\" \/>\n<link rel=\"canonical\" href=\"https:\/\/estroje.sk\/en\/references\/\" \/>\n<meta property=\"og:locale\" content=\"en_US\" \/>\n<meta property=\"og:type\" content=\"article\" \/>\n<meta property=\"og:title\" content=\"References - Estroje.sk\" \/>\n<meta property=\"og:description\" content=\"[vc_row full_width=&#8221;stretch_row_content&#8221; bg_type=&#8221;bg_color&#8221; bg_override=&#8221;ex-full&#8221; bg_color_value=&#8221;#f7f7f7&#8243; el_id=&#8221;References&#8221;][vc_column][vc_empty_space height=&#8221;20px&#8221;][vc_row_inner][vc_column_inner width=&#8221;1\/4&#8243;][\/vc_column_inner][vc_column_inner width=&#8221;1\/2&#8243;][vc_custom_heading text=&#8221;The use of machines is very wide not only in the advertising industry.&#8221; font_container=&#8221;tag:p|font_size:18px|text_align:center&#8221; use_theme_fonts=&#8221;yes&#8221;][\/vc_column_inner][vc_column_inner width=&#8221;1\/4&#8243;][\/vc_column_inner][\/vc_row_inner][vc_empty_space height=&#8221;50px&#8221;][vc_empty_space height=&#8221;20px&#8221;][\/vc_column][\/vc_row]\" \/>\n<meta property=\"og:url\" content=\"https:\/\/estroje.sk\/en\/references\/\" \/>\n<meta property=\"og:site_name\" content=\"Estroje.sk\" \/>\n<meta property=\"article:modified_time\" content=\"2025-05-26T18:06:40+00:00\" \/>\n<meta name=\"twitter:card\" content=\"summary_large_image\" \/>\n<meta name=\"twitter:label1\" content=\"Est. reading time\" \/>\n\t<meta name=\"twitter:data1\" content=\"1 minute\" \/>\n<script type=\"application\/ld+json\" class=\"yoast-schema-graph\">{\"@context\":\"https:\\\/\\\/schema.org\",\"@graph\":[{\"@type\":\"WebPage\",\"@id\":\"https:\\\/\\\/estroje.sk\\\/en\\\/references\\\/\",\"url\":\"https:\\\/\\\/estroje.sk\\\/en\\\/references\\\/\",\"name\":\"References - Estroje.sk\",\"isPartOf\":{\"@id\":\"https:\\\/\\\/estroje.sk\\\/en\\\/#website\"},\"datePublished\":\"2019-07-25T09:52:26+00:00\",\"dateModified\":\"2025-05-26T18:06:40+00:00\",\"breadcrumb\":{\"@id\":\"https:\\\/\\\/estroje.sk\\\/en\\\/references\\\/#breadcrumb\"},\"inLanguage\":\"en-US\",\"potentialAction\":[{\"@type\":\"ReadAction\",\"target\":[\"https:\\\/\\\/estroje.sk\\\/en\\\/references\\\/\"]}]},{\"@type\":\"BreadcrumbList\",\"@id\":\"https:\\\/\\\/estroje.sk\\\/en\\\/references\\\/#breadcrumb\",\"itemListElement\":[{\"@type\":\"ListItem\",\"position\":1,\"name\":\"Home\",\"item\":\"https:\\\/\\\/estroje.sk\\\/en\\\/\"},{\"@type\":\"ListItem\",\"position\":2,\"name\":\"References\"}]},{\"@type\":\"WebSite\",\"@id\":\"https:\\\/\\\/estroje.sk\\\/en\\\/#website\",\"url\":\"https:\\\/\\\/estroje.sk\\\/en\\\/\",\"name\":\"Estroje.sk\",\"description\":\"CO2 lasers, fiber laser and other engraving machines\",\"potentialAction\":[{\"@type\":\"SearchAction\",\"target\":{\"@type\":\"EntryPoint\",\"urlTemplate\":\"https:\\\/\\\/estroje.sk\\\/en\\\/?s={search_term_string}\"},\"query-input\":{\"@type\":\"PropertyValueSpecification\",\"valueRequired\":true,\"valueName\":\"search_term_string\"}}],\"inLanguage\":\"en-US\"}]}<\/script>\n<!-- \/ Yoast SEO plugin. -->","yoast_head_json":{"title":"References - Estroje.sk","robots":{"index":"index","follow":"follow","max-snippet":"max-snippet:-1","max-image-preview":"max-image-preview:large","max-video-preview":"max-video-preview:-1"},"canonical":"https:\/\/estroje.sk\/en\/references\/","og_locale":"en_US","og_type":"article","og_title":"References - Estroje.sk","og_description":"[vc_row full_width=&#8221;stretch_row_content&#8221; bg_type=&#8221;bg_color&#8221; bg_override=&#8221;ex-full&#8221; bg_color_value=&#8221;#f7f7f7&#8243; el_id=&#8221;References&#8221;][vc_column][vc_empty_space height=&#8221;20px&#8221;][vc_row_inner][vc_column_inner width=&#8221;1\/4&#8243;][\/vc_column_inner][vc_column_inner width=&#8221;1\/2&#8243;][vc_custom_heading text=&#8221;The use of machines is very wide not only in the advertising industry.&#8221; font_container=&#8221;tag:p|font_size:18px|text_align:center&#8221; use_theme_fonts=&#8221;yes&#8221;][\/vc_column_inner][vc_column_inner width=&#8221;1\/4&#8243;][\/vc_column_inner][\/vc_row_inner][vc_empty_space height=&#8221;50px&#8221;][vc_empty_space height=&#8221;20px&#8221;][\/vc_column][\/vc_row]","og_url":"https:\/\/estroje.sk\/en\/references\/","og_site_name":"Estroje.sk","article_modified_time":"2025-05-26T18:06:40+00:00","twitter_card":"summary_large_image","twitter_misc":{"Est. reading time":"1 minute"},"schema":{"@context":"https:\/\/schema.org","@graph":[{"@type":"WebPage","@id":"https:\/\/estroje.sk\/en\/references\/","url":"https:\/\/estroje.sk\/en\/references\/","name":"References - Estroje.sk","isPartOf":{"@id":"https:\/\/estroje.sk\/en\/#website"},"datePublished":"2019-07-25T09:52:26+00:00","dateModified":"2025-05-26T18:06:40+00:00","breadcrumb":{"@id":"https:\/\/estroje.sk\/en\/references\/#breadcrumb"},"inLanguage":"en-US","potentialAction":[{"@type":"ReadAction","target":["https:\/\/estroje.sk\/en\/references\/"]}]},{"@type":"BreadcrumbList","@id":"https:\/\/estroje.sk\/en\/references\/#breadcrumb","itemListElement":[{"@type":"ListItem","position":1,"name":"Home","item":"https:\/\/estroje.sk\/en\/"},{"@type":"ListItem","position":2,"name":"References"}]},{"@type":"WebSite","@id":"https:\/\/estroje.sk\/en\/#website","url":"https:\/\/estroje.sk\/en\/","name":"Estroje.sk","description":"CO2 lasers, fiber laser and other engraving machines","potentialAction":[{"@type":"SearchAction","target":{"@type":"EntryPoint","urlTemplate":"https:\/\/estroje.sk\/en\/?s={search_term_string}"},"query-input":{"@type":"PropertyValueSpecification","valueRequired":true,"valueName":"search_term_string"}}],"inLanguage":"en-US"}]}},"_links":{"self":[{"href":"https:\/\/estroje.sk\/en\/wp-json\/wp\/v2\/pages\/13513","targetHints":{"allow":["GET"]}}],"collection":[{"href":"https:\/\/estroje.sk\/en\/wp-json\/wp\/v2\/pages"}],"about":[{"href":"https:\/\/estroje.sk\/en\/wp-json\/wp\/v2\/types\/page"}],"author":[{"embeddable":true,"href":"https:\/\/estroje.sk\/en\/wp-json\/wp\/v2\/users\/1"}],"replies":[{"embeddable":true,"href":"https:\/\/estroje.sk\/en\/wp-json\/wp\/v2\/comments?post=13513"}],"version-history":[{"count":6,"href":"https:\/\/estroje.sk\/en\/wp-json\/wp\/v2\/pages\/13513\/revisions"}],"predecessor-version":[{"id":13769,"href":"https:\/\/estroje.sk\/en\/wp-json\/wp\/v2\/pages\/13513\/revisions\/13769"}],"wp:attachment":[{"href":"https:\/\/estroje.sk\/en\/wp-json\/wp\/v2\/media?parent=13513"}],"curies":[{"name":"wp","href":"https:\/\/api.w.org\/{rel}","templated":true}]}}