{"id":14365,"date":"2025-06-13T13:26:14","date_gmt":"2025-06-13T11:26:14","guid":{"rendered":"https:\/\/estroje.sk\/spolehlivy-servis-co%e2%82%82-vlaknovych-a-uv-laseru\/"},"modified":"2026-04-28T15:50:02","modified_gmt":"2026-04-28T13:50:02","slug":"spolehlivy-servis-co%e2%82%82-vlaknovych-a-uv-laseru","status":"publish","type":"page","link":"https:\/\/estroje.sk\/cs\/spolehlivy-servis-co%e2%82%82-vlaknovych-a-uv-laseru\/","title":{"rendered":"Servis laser\u016f"},"content":{"rendered":"<div class=\"wpb-content-wrapper\"><p>[vc_row][vc_column width=&#8220;1\/3&#8243;][vc_row_inner css=&#8220;.vc_custom_1749816322366{margin-right: 10px !important;margin-left: 10px !important;}&#8220;][vc_column_inner css=&#8220;.vc_custom_1749816512685{margin-top: 50px !important;margin-right: 10px !important;margin-bottom: 50px !important;margin-left: 10px !important;padding-top: 30px !important;padding-right: 20px !important;padding-bottom: 30px !important;padding-left: 20px !important;background: #FFFFFF url(https:\/\/estroje.sk\/wp-content\/uploads\/2021\/02\/05-scaled-e1612608786769-blackwhite.jpg?id=11674) !important;}&#8220;][vc_column_text css_animation=&#8220;bounceIn&#8220; css=&#8220;&#8220;]<\/p>\n<h3 style=\"text-align: center;\"><span style=\"color: #ffffff;\"><strong>CO\u2082 lasery<\/strong><\/span><\/h3>\n<p style=\"text-align: center;\"><span style=\"color: #ffffff;\">Nejb\u011b\u017en\u011bj\u0161\u00ed v\u00fdm\u011bny trubic, optika a kalibrace. M\u016f\u017eeme v\u00e1m pomoci s chlazen\u00edm i p\u0159esnost\u00ed grav\u00edrov\u00e1n\u00ed. <\/span><\/p>\n<p>[\/vc_column_text][\/vc_column_inner][\/vc_row_inner][\/vc_column][vc_column width=&#8220;1\/3&#8243;][vc_row_inner css=&#8220;.vc_custom_1749816322366{margin-right: 10px !important;margin-left: 10px !important;}&#8220;][vc_column_inner css=&#8220;.vc_custom_1749816512685{margin-top: 50px !important;margin-right: 10px !important;margin-bottom: 50px !important;margin-left: 10px !important;padding-top: 30px !important;padding-right: 20px !important;padding-bottom: 30px !important;padding-left: 20px !important;background: #FFFFFF url(https:\/\/estroje.sk\/wp-content\/uploads\/2021\/02\/05-scaled-e1612608786769-blackwhite.jpg?id=11674) !important;}&#8220;][vc_column_text css_animation=&#8220;bounceIn&#8220; css=&#8220;&#8220;]<\/p>\n<h3 style=\"text-align: center;\"><span style=\"color: #ffffff;\"><strong>Vl\u00e1knov\u00e9 lasery<\/strong><\/span><\/h3>\n<p style=\"text-align: center;\"><span style=\"color: #ffffff;\">Servis galvohlav, v\u00fdm\u011bna nap\u00e1jec\u00edch zdroj\u016f, oprava \u0159\u00eddic\u00edch desek, optiky nebo konfigurace softwaru.<\/span><\/p>\n<p>[\/vc_column_text][\/vc_column_inner][\/vc_row_inner][\/vc_column][vc_column width=&#8220;1\/3&#8243;][vc_row_inner css=&#8220;.vc_custom_1749816322366{margin-right: 10px !important;margin-left: 10px !important;}&#8220;][vc_column_inner css=&#8220;.vc_custom_1749816512685{margin-top: 50px !important;margin-right: 10px !important;margin-bottom: 50px !important;margin-left: 10px !important;padding-top: 30px !important;padding-right: 20px !important;padding-bottom: 30px !important;padding-left: 20px !important;background: #FFFFFF url(https:\/\/estroje.sk\/wp-content\/uploads\/2021\/02\/05-scaled-e1612608786769-blackwhite.jpg?id=11674) !important;}&#8220;][vc_column_text css_animation=&#8220;bounceIn&#8220; css=&#8220;&#8220;]<\/p>\n<h3 style=\"text-align: center;\"><span style=\"color: #ffffff;\"><strong>UV lasery<\/strong><\/span><\/h3>\n<p style=\"text-align: center;\"><span style=\"color: #ffffff;\">Odborn\u00fd z\u00e1sah p\u0159i probl\u00e9mech se zdrojem impulz\u016f nebo nastaven\u00edm jemn\u00e9ho zna\u010den\u00ed.<\/span><\/p>\n<p>[\/vc_column_text][\/vc_column_inner][\/vc_row_inner][\/vc_column][\/vc_row][vc_row css=&#8220;.vc_custom_1749817399450{margin-top: 50px !important;margin-bottom: 25px !important;}&#8220;][vc_column width=&#8220;1\/3&#8243;][vc_single_image image=&#8220;14366&#8243; img_size=&#8220;large&#8220; alignment=&#8220;center&#8220; style=&#8220;vc_box_shadow_border&#8220; css_animation=&#8220;bounceInLeft&#8220; css=&#8220;&#8220;][\/vc_column][vc_column width=&#8220;2\/3&#8243;][vc_column_text css_animation=&#8220;bounceInRight&#8220; css=&#8220;&#8220;]<\/p>\n<h2 data-start=\"1350\" data-end=\"1382\"><strong data-start=\"1356\" data-end=\"1382\">Jak se slu\u017eba prov\u00e1d\u00ed<\/strong><\/h2>\n<ol data-start=\"1384\" data-end=\"1667\">\n<li data-start=\"1384\" data-end=\"1449\">\n<p data-start=\"1387\" data-end=\"1449\"><strong data-start=\"1387\" data-end=\"1407\">Kontaktujte n\u00e1s<\/strong> &#8211; telefonicky nebo prost\u0159ednictv\u00edm kontaktn\u00edho formul\u00e1\u0159e<\/p>\n<\/li>\n<li data-start=\"1450\" data-end=\"1488\">\n<p data-start=\"1453\" data-end=\"1488\"><strong data-start=\"1453\" data-end=\"1473\">Popi\u0161te probl\u00e9m<\/strong> a typ stroje<\/p>\n<\/li>\n<li data-start=\"1489\" data-end=\"1536\">\n<p data-start=\"1492\" data-end=\"1536\"><strong data-start=\"1492\" data-end=\"1534\">Navrhneme \u0159e\u0161en\u00ed a odhadneme n\u00e1klady na opravu.<\/strong><\/p>\n<\/li>\n<li data-start=\"1537\" data-end=\"1607\">\n<p data-start=\"1540\" data-end=\"1607\"><strong data-start=\"1540\" data-end=\"1562\">Opravy m\u016f\u017eeme zajistit<\/strong> na d\u00e1lku, v na\u0161\u00ed d\u00edln\u011b nebo v\u00fdjezdem.<\/p>\n<\/li>\n<li data-start=\"1608\" data-end=\"1667\">\n<p data-start=\"1611\" data-end=\"1667\"><strong data-start=\"1611\" data-end=\"1646\">Po oprav\u011b za\u0159\u00edzen\u00ed otestujeme<\/strong> a porad\u00edme s \u00fadr\u017ebou.<\/p>\n<\/li>\n<\/ol>\n<p>[\/vc_column_text][\/vc_column][\/vc_row][vc_row css=&#8220;.vc_custom_1749817409375{margin-top: 25px !important;margin-bottom: 25px !important;}&#8220;][vc_column][vc_column_text css_animation=&#8220;bounceInUp&#8220; css=&#8220;&#8220;]<\/p>\n<h2 style=\"text-align: center;\" data-start=\"1882\" data-end=\"1912\"><strong data-start=\"1889\" data-end=\"1912\">Z\u00e1ruka a podpora<\/strong><\/h2>\n<p style=\"text-align: center;\" data-start=\"1913\" data-end=\"2075\">Na servisn\u00ed pr\u00e1ce a d\u00edly poskytujeme z\u00e1ruku.<br data-start=\"1963\" data-end=\"1966\">Z\u00e1kazn\u00edci na\u0161ich stroj\u016f maj\u00ed nav\u00edc bezplatnou technickou podporu po celou dobu \u017eivotnosti stroje.<\/p>\n<p>[\/vc_column_text][\/vc_column][\/vc_row][vc_row bg_type=&#8220;image&#8220; parallax_style=&#8220;vcpb-default&#8220; bg_image_new=&#8220;id^11673|url^https:\/\/estroje.sk\/wp-content\/uploads\/2021\/02\/05-scaled-e1612608786769.jpg|caption^null|alt^null|title^05|description^null&#8220; bg_override=&#8220;ex-full&#8220; css=&#8220;.vc_custom_1749817634352{padding-top: 60px !important;padding-bottom: 20px !important;}&#8220;][vc_column][vc_custom_heading text=&#8220;M\u00e1te probl\u00e9m se sv\u00fdm strojem? Kontaktujte n\u00e1s:<br \/>\n\ud83d\udcde +421 908 537 454<br \/>\n\ud83d\udce7 info@estroje.sk<br \/>\nNebo vypl\u0148te n\u00e1\u0161 servisn\u00ed formul\u00e1\u0159 &#8211; odpov\u00edme v\u00e1m do 24 hodin. &#8220; font_container=&#8220;tag:h4|text_align:center|color:%23FFFFFF|line_height:1.3em&#8220; use_theme_fonts=&#8220;yes&#8220; css_animation=&#8220;bounceInUp&#8220; css=&#8220;.vc_custom_1749817944269{margin-top: 15px !important;}&#8220;][vc_btn title=&#8220;Kontaktn\u00ed formul\u00e1\u0159&#8220; shape=&#8220;square&#8220; color=&#8220;warning&#8220; align=&#8220;center&#8220; css_animation=&#8220;bounceInUp&#8220; css=&#8220;.vc_custom_1749817988738{margin-top: 30px !important;margin-bottom: 30px !important;}&#8220; link=&#8220;url:https%3A%2F%2Festroje.sk%2Fcs%2Fkontakt%2F|title:Kontakt|&#8220;][\/vc_column][\/vc_row]<\/p>\n<\/div>","protected":false},"excerpt":{"rendered":"<p>[vc_row][vc_column width=&#8220;1\/3&#8243;][vc_row_inner css=&#8220;.vc_custom_1749816322366{margin-right: 10px !important;margin-left: 10px !important;}&#8220;][vc_column_inner css=&#8220;.vc_custom_1749816512685{margin-top: 50px !important;margin-right: 10px !important;margin-bottom: 50px !important;margin-left: 10px !important;padding-top: 30px !important;padding-right: 20px !important;padding-bottom: 30px !important;padding-left: 20px !important;background: #FFFFFF url(https:\/\/estroje.sk\/wp-content\/uploads\/2021\/02\/05-scaled-e1612608786769-blackwhite.jpg?id=11674) !important;}&#8220;][vc_column_text css_animation=&#8220;bounceIn&#8220; css=&#8220;&#8220;] CO\u2082 lasery Nejb\u011b\u017en\u011bj\u0161\u00ed v\u00fdm\u011bny trubic, optika a kalibrace. M\u016f\u017eeme v\u00e1m pomoci s chlazen\u00edm i p\u0159esnost\u00ed grav\u00edrov\u00e1n\u00ed. [\/vc_column_text][\/vc_column_inner][\/vc_row_inner][\/vc_column][vc_column width=&#8220;1\/3&#8243;][vc_row_inner css=&#8220;.vc_custom_1749816322366{margin-right: 10px !important;margin-left: 10px !important;}&#8220;][vc_column_inner css=&#8220;.vc_custom_1749816512685{margin-top: 50px !important;margin-right: [&hellip;]<\/p>\n","protected":false},"author":1,"featured_media":0,"parent":0,"menu_order":0,"comment_status":"closed","ping_status":"closed","template":"page.php","meta":{"footnotes":""},"class_list":["post-14365","page","type-page","status-publish","hentry"],"yoast_head":"<!-- This site is optimized with the Yoast SEO plugin v27.5 - https:\/\/yoast.com\/product\/yoast-seo-wordpress\/ -->\n<title>Servis laser\u016f - Estroje.sk<\/title>\n<meta name=\"robots\" content=\"index, follow, max-snippet:-1, max-image-preview:large, max-video-preview:-1\" \/>\n<link rel=\"canonical\" href=\"https:\/\/estroje.sk\/cs\/spolehlivy-servis-co%e2%82%82-vlaknovych-a-uv-laseru\/\" \/>\n<meta property=\"og:locale\" content=\"cs_CZ\" \/>\n<meta property=\"og:type\" content=\"article\" \/>\n<meta property=\"og:title\" content=\"Servis laser\u016f - Estroje.sk\" \/>\n<meta property=\"og:description\" content=\"[vc_row][vc_column width=&#8220;1\/3&#8243;][vc_row_inner css=&#8220;.vc_custom_1749816322366{margin-right: 10px !important;margin-left: 10px !important;}&#8220;][vc_column_inner css=&#8220;.vc_custom_1749816512685{margin-top: 50px !important;margin-right: 10px !important;margin-bottom: 50px !important;margin-left: 10px !important;padding-top: 30px !important;padding-right: 20px !important;padding-bottom: 30px !important;padding-left: 20px !important;background: #FFFFFF url(https:\/\/estroje.sk\/wp-content\/uploads\/2021\/02\/05-scaled-e1612608786769-blackwhite.jpg?id=11674) !important;}&#8220;][vc_column_text css_animation=&#8220;bounceIn&#8220; css=&#8220;&#8220;] CO\u2082 lasery Nejb\u011b\u017en\u011bj\u0161\u00ed v\u00fdm\u011bny trubic, optika a kalibrace. M\u016f\u017eeme v\u00e1m pomoci s chlazen\u00edm i p\u0159esnost\u00ed grav\u00edrov\u00e1n\u00ed. [\/vc_column_text][\/vc_column_inner][\/vc_row_inner][\/vc_column][vc_column width=&#8220;1\/3&#8243;][vc_row_inner css=&#8220;.vc_custom_1749816322366{margin-right: 10px !important;margin-left: 10px !important;}&#8220;][vc_column_inner css=&#8220;.vc_custom_1749816512685{margin-top: 50px !important;margin-right: [&hellip;]\" \/>\n<meta property=\"og:url\" content=\"https:\/\/estroje.sk\/cs\/spolehlivy-servis-co%e2%82%82-vlaknovych-a-uv-laseru\/\" \/>\n<meta property=\"og:site_name\" content=\"Estroje.sk\" \/>\n<meta property=\"article:modified_time\" content=\"2026-04-28T13:50:02+00:00\" \/>\n<meta name=\"twitter:card\" content=\"summary_large_image\" \/>\n<meta name=\"twitter:label1\" content=\"Odhadovan\u00e1 doba \u010dten\u00ed\" \/>\n\t<meta name=\"twitter:data1\" content=\"3 minuty\" \/>\n<script type=\"application\/ld+json\" class=\"yoast-schema-graph\">{\"@context\":\"https:\\\/\\\/schema.org\",\"@graph\":[{\"@type\":\"WebPage\",\"@id\":\"https:\\\/\\\/estroje.sk\\\/cs\\\/spolehlivy-servis-co%e2%82%82-vlaknovych-a-uv-laseru\\\/\",\"url\":\"https:\\\/\\\/estroje.sk\\\/cs\\\/spolehlivy-servis-co%e2%82%82-vlaknovych-a-uv-laseru\\\/\",\"name\":\"Servis laser\u016f - Estroje.sk\",\"isPartOf\":{\"@id\":\"https:\\\/\\\/estroje.sk\\\/cs\\\/#website\"},\"datePublished\":\"2025-06-13T11:26:14+00:00\",\"dateModified\":\"2026-04-28T13:50:02+00:00\",\"breadcrumb\":{\"@id\":\"https:\\\/\\\/estroje.sk\\\/cs\\\/spolehlivy-servis-co%e2%82%82-vlaknovych-a-uv-laseru\\\/#breadcrumb\"},\"inLanguage\":\"cs\",\"potentialAction\":[{\"@type\":\"ReadAction\",\"target\":[\"https:\\\/\\\/estroje.sk\\\/cs\\\/spolehlivy-servis-co%e2%82%82-vlaknovych-a-uv-laseru\\\/\"]}]},{\"@type\":\"BreadcrumbList\",\"@id\":\"https:\\\/\\\/estroje.sk\\\/cs\\\/spolehlivy-servis-co%e2%82%82-vlaknovych-a-uv-laseru\\\/#breadcrumb\",\"itemListElement\":[{\"@type\":\"ListItem\",\"position\":1,\"name\":\"Home\",\"item\":\"https:\\\/\\\/estroje.sk\\\/cs\\\/\"},{\"@type\":\"ListItem\",\"position\":2,\"name\":\"Servis laser\u016f\"}]},{\"@type\":\"WebSite\",\"@id\":\"https:\\\/\\\/estroje.sk\\\/cs\\\/#website\",\"url\":\"https:\\\/\\\/estroje.sk\\\/cs\\\/\",\"name\":\"Estroje.sk\",\"description\":\"CO2 lasere, fiber laser a ostatn\u00e9 grav\u00edrovacie stroje\",\"potentialAction\":[{\"@type\":\"SearchAction\",\"target\":{\"@type\":\"EntryPoint\",\"urlTemplate\":\"https:\\\/\\\/estroje.sk\\\/cs\\\/?s={search_term_string}\"},\"query-input\":{\"@type\":\"PropertyValueSpecification\",\"valueRequired\":true,\"valueName\":\"search_term_string\"}}],\"inLanguage\":\"cs\"}]}<\/script>\n<!-- \/ Yoast SEO plugin. -->","yoast_head_json":{"title":"Servis laser\u016f - Estroje.sk","robots":{"index":"index","follow":"follow","max-snippet":"max-snippet:-1","max-image-preview":"max-image-preview:large","max-video-preview":"max-video-preview:-1"},"canonical":"https:\/\/estroje.sk\/cs\/spolehlivy-servis-co%e2%82%82-vlaknovych-a-uv-laseru\/","og_locale":"cs_CZ","og_type":"article","og_title":"Servis laser\u016f - Estroje.sk","og_description":"[vc_row][vc_column width=&#8220;1\/3&#8243;][vc_row_inner css=&#8220;.vc_custom_1749816322366{margin-right: 10px !important;margin-left: 10px !important;}&#8220;][vc_column_inner css=&#8220;.vc_custom_1749816512685{margin-top: 50px !important;margin-right: 10px !important;margin-bottom: 50px !important;margin-left: 10px !important;padding-top: 30px !important;padding-right: 20px !important;padding-bottom: 30px !important;padding-left: 20px !important;background: #FFFFFF url(https:\/\/estroje.sk\/wp-content\/uploads\/2021\/02\/05-scaled-e1612608786769-blackwhite.jpg?id=11674) !important;}&#8220;][vc_column_text css_animation=&#8220;bounceIn&#8220; css=&#8220;&#8220;] CO\u2082 lasery Nejb\u011b\u017en\u011bj\u0161\u00ed v\u00fdm\u011bny trubic, optika a kalibrace. M\u016f\u017eeme v\u00e1m pomoci s chlazen\u00edm i p\u0159esnost\u00ed grav\u00edrov\u00e1n\u00ed. [\/vc_column_text][\/vc_column_inner][\/vc_row_inner][\/vc_column][vc_column width=&#8220;1\/3&#8243;][vc_row_inner css=&#8220;.vc_custom_1749816322366{margin-right: 10px !important;margin-left: 10px !important;}&#8220;][vc_column_inner css=&#8220;.vc_custom_1749816512685{margin-top: 50px !important;margin-right: [&hellip;]","og_url":"https:\/\/estroje.sk\/cs\/spolehlivy-servis-co%e2%82%82-vlaknovych-a-uv-laseru\/","og_site_name":"Estroje.sk","article_modified_time":"2026-04-28T13:50:02+00:00","twitter_card":"summary_large_image","twitter_misc":{"Odhadovan\u00e1 doba \u010dten\u00ed":"3 minuty"},"schema":{"@context":"https:\/\/schema.org","@graph":[{"@type":"WebPage","@id":"https:\/\/estroje.sk\/cs\/spolehlivy-servis-co%e2%82%82-vlaknovych-a-uv-laseru\/","url":"https:\/\/estroje.sk\/cs\/spolehlivy-servis-co%e2%82%82-vlaknovych-a-uv-laseru\/","name":"Servis laser\u016f - Estroje.sk","isPartOf":{"@id":"https:\/\/estroje.sk\/cs\/#website"},"datePublished":"2025-06-13T11:26:14+00:00","dateModified":"2026-04-28T13:50:02+00:00","breadcrumb":{"@id":"https:\/\/estroje.sk\/cs\/spolehlivy-servis-co%e2%82%82-vlaknovych-a-uv-laseru\/#breadcrumb"},"inLanguage":"cs","potentialAction":[{"@type":"ReadAction","target":["https:\/\/estroje.sk\/cs\/spolehlivy-servis-co%e2%82%82-vlaknovych-a-uv-laseru\/"]}]},{"@type":"BreadcrumbList","@id":"https:\/\/estroje.sk\/cs\/spolehlivy-servis-co%e2%82%82-vlaknovych-a-uv-laseru\/#breadcrumb","itemListElement":[{"@type":"ListItem","position":1,"name":"Home","item":"https:\/\/estroje.sk\/cs\/"},{"@type":"ListItem","position":2,"name":"Servis laser\u016f"}]},{"@type":"WebSite","@id":"https:\/\/estroje.sk\/cs\/#website","url":"https:\/\/estroje.sk\/cs\/","name":"Estroje.sk","description":"CO2 lasere, fiber laser a ostatn\u00e9 grav\u00edrovacie stroje","potentialAction":[{"@type":"SearchAction","target":{"@type":"EntryPoint","urlTemplate":"https:\/\/estroje.sk\/cs\/?s={search_term_string}"},"query-input":{"@type":"PropertyValueSpecification","valueRequired":true,"valueName":"search_term_string"}}],"inLanguage":"cs"}]}},"_links":{"self":[{"href":"https:\/\/estroje.sk\/cs\/wp-json\/wp\/v2\/pages\/14365","targetHints":{"allow":["GET"]}}],"collection":[{"href":"https:\/\/estroje.sk\/cs\/wp-json\/wp\/v2\/pages"}],"about":[{"href":"https:\/\/estroje.sk\/cs\/wp-json\/wp\/v2\/types\/page"}],"author":[{"embeddable":true,"href":"https:\/\/estroje.sk\/cs\/wp-json\/wp\/v2\/users\/1"}],"replies":[{"embeddable":true,"href":"https:\/\/estroje.sk\/cs\/wp-json\/wp\/v2\/comments?post=14365"}],"version-history":[{"count":10,"href":"https:\/\/estroje.sk\/cs\/wp-json\/wp\/v2\/pages\/14365\/revisions"}],"predecessor-version":[{"id":14376,"href":"https:\/\/estroje.sk\/cs\/wp-json\/wp\/v2\/pages\/14365\/revisions\/14376"}],"wp:attachment":[{"href":"https:\/\/estroje.sk\/cs\/wp-json\/wp\/v2\/media?parent=14365"}],"curies":[{"name":"wp","href":"https:\/\/api.w.org\/{rel}","templated":true}]}}