{"id":14331,"date":"2017-07-03T14:57:32","date_gmt":"2017-07-03T12:57:32","guid":{"rendered":"https:\/\/estroje.sk\/o-nas\/"},"modified":"2026-04-28T15:47:22","modified_gmt":"2026-04-28T13:47:22","slug":"o-nas","status":"publish","type":"page","link":"https:\/\/estroje.sk\/cs\/o-nas\/","title":{"rendered":"O n\u00e1s"},"content":{"rendered":"<div class=\"wpb-content-wrapper\"><p>[vc_row bg_type=&#8220;bg_color&#8220; bg_override=&#8220;ex-full&#8220; css=&#8220;.vc_custom_1525368130518{padding-top: 100px !important;padding-bottom: 100px !important;}&#8220; bg_color_value=&#8220;#ffffff&#8220;][vc_column width=&#8220;2\/6&#8243;][vc_column_text css_animation=&#8220;bounceInLeft&#8220; css=&#8220;&#8220;]<\/p>\n<h2 class=\"extra-large-font\"><span style=\"font-weight: 100;\">STROJE<\/span><br \/>\n, KTER\u00c9<br \/>\n<span style=\"font-weight: 100;\">D\u00c1V<\/span>AJ\u00cd<br \/>\n<span style=\"font-weight: 100;\">SMYSL.<\/span><\/h2>\n<p>[\/vc_column_text]<div class=\"ult-spacer spacer-69f199cb948f3\" data-id=\"69f199cb948f3\" data-height=\"0\" data-height-mobile=\"40\" data-height-tab=\"\" data-height-tab-portrait=\"\" data-height-mobile-landscape=\"40\" style=\"clear:both;display:block;\"><\/div>[\/vc_column][vc_column width=&#8220;4\/6&#8243;][vc_custom_heading text=&#8220;Kdo jsme?&#8220; font_container=&#8220;tag:h3|text_align:left&#8220; use_theme_fonts=&#8220;yes&#8220; css_animation=&#8220;bounceInUp&#8220; css=&#8220;&#8220;][vc_empty_space height=&#8220;25px&#8220;][vc_column_text css_animation=&#8220;bounceInUp&#8220; css=&#8220;&#8220;]<\/p>\n<p class=\"\" data-start=\"294\" data-end=\"587\">Za zna\u010dkou <strong data-start=\"305\" data-end=\"315\">MONOR\u00ae<\/strong> stoj\u00ed slovensk\u00fd t\u00fdm lid\u00ed, kter\u00e9 spojuje v\u00e1\u0161e\u0148 pro technologii, poctiv\u00e1 pr\u00e1ce a dlouholet\u00e9 zku\u0161enosti s laserov\u00fdm \u0159ez\u00e1n\u00edm a grav\u00edrov\u00e1n\u00edm. Ji\u017e v\u00edce ne\u017e <strong data-start=\"464\" data-end=\"476\">10 let<\/strong> pom\u00e1h\u00e1me z\u00e1kazn\u00edk\u016fm objevovat sv\u011bt laser\u016f &#8211; od prvn\u00edho n\u00e1padu, p\u0159es v\u00fdb\u011br vhodn\u00e9ho stroje a\u017e po samotnou v\u00fdrobu. <\/p>\n<p class=\"\" data-start=\"589\" data-end=\"864\">Na\u0161\u00edm c\u00edlem nebylo jen prod\u00e1vat stroje, ale vytvo\u0159it <strong data-start=\"643\" data-end=\"670\">vlastn\u00ed zna\u010dku kvality<\/strong> zalo\u017eenou na praxi. A tak se zrodil <strong data-start=\"716\" data-end=\"726\">MONOR\u00ae<\/strong> &#8211; zna\u010dka navr\u017een\u00e1 na Slovensku, s d\u016frazem na <strong data-start=\"773\" data-end=\"839\">spolehlivost, dostupnost n\u00e1hradn\u00edch d\u00edl\u016f a technickou podporu,<\/strong> kter\u00e1 nekon\u010d\u00ed prodejem. <\/p>\n<p class=\"\" data-start=\"866\" data-end=\"1103\">Na\u0161e z\u00e1kazn\u00edky nevn\u00edm\u00e1me jen jako kupuj\u00edc\u00ed, ale jako <strong data-start=\"915\" data-end=\"928\">partnery,<\/strong> kter\u00fdm pom\u00e1h\u00e1me r\u016fst. Poskytujeme <strong data-start=\"964\" data-end=\"1031\">\u0161kolen\u00ed, odborn\u00e9 poradenstv\u00ed a pomoc s podnikatelsk\u00fdmi pl\u00e1ny<\/strong>, proto\u017ee v\u00edme, \u017ee kl\u00ed\u010dem k \u00fasp\u011bchu je spr\u00e1vn\u00e9 rozhodnut\u00ed na za\u010d\u00e1tku. <\/p>\n<p class=\"\" data-start=\"1105\" data-end=\"1236\">A\u0165 u\u017e za\u010d\u00edn\u00e1te s malou d\u00edlnou, nebo roz\u0161i\u0159ujete v\u00fdrobu, najdete <strong data-start=\"1177\" data-end=\"1203\">laser, kter\u00fd v\u00e1m vyhovuje<\/strong>, a lidi, kte\u0159\u00ed <strong data-start=\"1219\" data-end=\"1235\">v\u00e1m rozum\u00ed<\/strong>.<\/p>\n<p class=\"\" data-start=\"1238\" data-end=\"1331\">A p\u0159esto\u017ee jsme vyrostli na Slovensku, dnes na\u0161e stroje <strong data-start=\"1292\" data-end=\"1331\">pom\u00e1haj\u00ed z\u00e1kazn\u00edk\u016fm po cel\u00e9 Evrop\u011b.<\/strong><\/p>\n<p>[\/vc_column_text]<div class=\"ult-spacer spacer-69f199cb9497e\" data-id=\"69f199cb9497e\" data-height=\"0\" data-height-mobile=\"40\" data-height-tab=\"\" data-height-tab-portrait=\"\" data-height-mobile-landscape=\"40\" style=\"clear:both;display:block;\"><\/div>[\/vc_column][\/vc_row][vc_row bg_type=&#8220;image&#8220; parallax_style=&#8220;vcpb-default&#8220; bg_image_new=&#8220;id^11673|url^https:\/\/estroje.sk\/wp-content\/uploads\/2021\/02\/05-scaled-e1612608786769.jpg|caption^null|alt^null|title^05|description^null&#8220; bg_override=&#8220;ex-full&#8220; css=&#8220;.vc_custom_1744313266334{padding-top: 60px !important;padding-bottom: 20px !important;}&#8220;][vc_column][vc_custom_heading text=&#8220;Sledujte, co se u n\u00e1s d\u011bje&#8220; font_container=&#8220;tag:h3|text_align:center|color:%23ffffff|line_height:1.3em&#8220; use_theme_fonts=&#8220;yes&#8220; css_animation=&#8220;bounceInUp&#8220; css=&#8220;&#8220;][vc_custom_heading text=&#8220;Pravideln\u011b zve\u0159ej\u0148ujeme uk\u00e1zky z praxe, inspiraci a odpov\u011bdi na dotazy z\u00e1kazn\u00edk\u016f.&#8220; font_container=&#8220;tag:h4|font_size:20px|text_align:center|color:%23FFFFFF&#8220; google_fonts=&#8220;font_family:Roboto%3A100%2C100italic%2C300%2C300italic%2Cregular%2Citalic%2C500%2C500italic%2C700%2C700italic%2C900%2C900italic|font_style:400%20regular%3A400%3Anormal&#8220; css_animation=&#8220;bounceInUp&#8220; css=&#8220;.vc_custom_1744354215739{margin-top: 15px !important;}&#8220;][vc_btn title=&#8220;Nav\u0161tivte n\u00e1\u0161 Facebook&#8220; shape=&#8220;square&#8220; color=&#8220;warning&#8220; align=&#8220;center&#8220; css_animation=&#8220;bounceInUp&#8220; css=&#8220;.vc_custom_1744354240170{margin-top: 30px !important;margin-bottom: 30px !important;}&#8220; link=&#8220;url:https%3A%2F%2Fwww.facebook.com%2FestrojeSK|title:Estroje%20na%20facebooku|target:_blank|&#8220;][\/vc_column][\/vc_row]<\/p>\n<\/div>","protected":false},"excerpt":{"rendered":"<p>[vc_row bg_type=&#8220;bg_color&#8220; bg_override=&#8220;ex-full&#8220; css=&#8220;.vc_custom_1525368130518{padding-top: 100px !important;padding-bottom: 100px !important;}&#8220; bg_color_value=&#8220;#ffffff&#8220;][vc_column width=&#8220;2\/6&#8243;][vc_column_text css_animation=&#8220;bounceInLeft&#8220; css=&#8220;&#8220;] STROJE , KTER\u00c9 D\u00c1VAJ\u00cd SMYSL. [\/vc_column_text][\/vc_column][vc_column width=&#8220;4\/6&#8243;][vc_custom_heading text=&#8220;Kdo jsme?&#8220; font_container=&#8220;tag:h3|text_align:left&#8220; use_theme_fonts=&#8220;yes&#8220; css_animation=&#8220;bounceInUp&#8220; css=&#8220;&#8220;][vc_empty_space height=&#8220;25px&#8220;][vc_column_text css_animation=&#8220;bounceInUp&#8220; css=&#8220;&#8220;] Za zna\u010dkou MONOR\u00ae stoj\u00ed slovensk\u00fd t\u00fdm lid\u00ed, kter\u00e9 spojuje v\u00e1\u0161e\u0148 pro technologii, poctiv\u00e1 pr\u00e1ce a dlouholet\u00e9 zku\u0161enosti s laserov\u00fdm \u0159ez\u00e1n\u00edm a grav\u00edrov\u00e1n\u00edm. Ji\u017e v\u00edce ne\u017e 10 let [&hellip;]<\/p>\n","protected":false},"author":1,"featured_media":0,"parent":0,"menu_order":0,"comment_status":"closed","ping_status":"closed","template":"page.php","meta":{"footnotes":""},"class_list":["post-14331","page","type-page","status-publish","hentry"],"yoast_head":"<!-- This site is optimized with the Yoast SEO plugin v27.5 - https:\/\/yoast.com\/product\/yoast-seo-wordpress\/ -->\n<title>O n\u00e1s - Estroje.sk<\/title>\n<meta name=\"robots\" content=\"index, follow, max-snippet:-1, max-image-preview:large, max-video-preview:-1\" \/>\n<link rel=\"canonical\" href=\"https:\/\/estroje.sk\/cs\/o-nas\/\" \/>\n<meta property=\"og:locale\" content=\"cs_CZ\" \/>\n<meta property=\"og:type\" content=\"article\" \/>\n<meta property=\"og:title\" content=\"O n\u00e1s - Estroje.sk\" \/>\n<meta property=\"og:description\" content=\"[vc_row bg_type=&#8220;bg_color&#8220; bg_override=&#8220;ex-full&#8220; css=&#8220;.vc_custom_1525368130518{padding-top: 100px !important;padding-bottom: 100px !important;}&#8220; bg_color_value=&#8220;#ffffff&#8220;][vc_column width=&#8220;2\/6&#8243;][vc_column_text css_animation=&#8220;bounceInLeft&#8220; css=&#8220;&#8220;] STROJE , KTER\u00c9 D\u00c1VAJ\u00cd SMYSL. [\/vc_column_text][\/vc_column][vc_column width=&#8220;4\/6&#8243;][vc_custom_heading text=&#8220;Kdo jsme?&#8220; font_container=&#8220;tag:h3|text_align:left&#8220; use_theme_fonts=&#8220;yes&#8220; css_animation=&#8220;bounceInUp&#8220; css=&#8220;&#8220;][vc_empty_space height=&#8220;25px&#8220;][vc_column_text css_animation=&#8220;bounceInUp&#8220; css=&#8220;&#8220;] Za zna\u010dkou MONOR\u00ae stoj\u00ed slovensk\u00fd t\u00fdm lid\u00ed, kter\u00e9 spojuje v\u00e1\u0161e\u0148 pro technologii, poctiv\u00e1 pr\u00e1ce a dlouholet\u00e9 zku\u0161enosti s laserov\u00fdm \u0159ez\u00e1n\u00edm a grav\u00edrov\u00e1n\u00edm. Ji\u017e v\u00edce ne\u017e 10 let [&hellip;]\" \/>\n<meta property=\"og:url\" content=\"https:\/\/estroje.sk\/cs\/o-nas\/\" \/>\n<meta property=\"og:site_name\" content=\"Estroje.sk\" \/>\n<meta property=\"article:modified_time\" content=\"2026-04-28T13:47:22+00:00\" \/>\n<meta name=\"twitter:card\" content=\"summary_large_image\" \/>\n<meta name=\"twitter:label1\" content=\"Odhadovan\u00e1 doba \u010dten\u00ed\" \/>\n\t<meta name=\"twitter:data1\" content=\"3 minuty\" \/>\n<script type=\"application\/ld+json\" class=\"yoast-schema-graph\">{\"@context\":\"https:\\\/\\\/schema.org\",\"@graph\":[{\"@type\":\"WebPage\",\"@id\":\"https:\\\/\\\/estroje.sk\\\/cs\\\/o-nas\\\/\",\"url\":\"https:\\\/\\\/estroje.sk\\\/cs\\\/o-nas\\\/\",\"name\":\"O n\u00e1s - Estroje.sk\",\"isPartOf\":{\"@id\":\"https:\\\/\\\/estroje.sk\\\/cs\\\/#website\"},\"datePublished\":\"2017-07-03T12:57:32+00:00\",\"dateModified\":\"2026-04-28T13:47:22+00:00\",\"breadcrumb\":{\"@id\":\"https:\\\/\\\/estroje.sk\\\/cs\\\/o-nas\\\/#breadcrumb\"},\"inLanguage\":\"cs\",\"potentialAction\":[{\"@type\":\"ReadAction\",\"target\":[\"https:\\\/\\\/estroje.sk\\\/cs\\\/o-nas\\\/\"]}]},{\"@type\":\"BreadcrumbList\",\"@id\":\"https:\\\/\\\/estroje.sk\\\/cs\\\/o-nas\\\/#breadcrumb\",\"itemListElement\":[{\"@type\":\"ListItem\",\"position\":1,\"name\":\"Home\",\"item\":\"https:\\\/\\\/estroje.sk\\\/cs\\\/\"},{\"@type\":\"ListItem\",\"position\":2,\"name\":\"O n\u00e1s\"}]},{\"@type\":\"WebSite\",\"@id\":\"https:\\\/\\\/estroje.sk\\\/cs\\\/#website\",\"url\":\"https:\\\/\\\/estroje.sk\\\/cs\\\/\",\"name\":\"Estroje.sk\",\"description\":\"CO2 lasere, fiber laser a ostatn\u00e9 grav\u00edrovacie stroje\",\"potentialAction\":[{\"@type\":\"SearchAction\",\"target\":{\"@type\":\"EntryPoint\",\"urlTemplate\":\"https:\\\/\\\/estroje.sk\\\/cs\\\/?s={search_term_string}\"},\"query-input\":{\"@type\":\"PropertyValueSpecification\",\"valueRequired\":true,\"valueName\":\"search_term_string\"}}],\"inLanguage\":\"cs\"}]}<\/script>\n<!-- \/ Yoast SEO plugin. -->","yoast_head_json":{"title":"O n\u00e1s - Estroje.sk","robots":{"index":"index","follow":"follow","max-snippet":"max-snippet:-1","max-image-preview":"max-image-preview:large","max-video-preview":"max-video-preview:-1"},"canonical":"https:\/\/estroje.sk\/cs\/o-nas\/","og_locale":"cs_CZ","og_type":"article","og_title":"O n\u00e1s - Estroje.sk","og_description":"[vc_row bg_type=&#8220;bg_color&#8220; bg_override=&#8220;ex-full&#8220; css=&#8220;.vc_custom_1525368130518{padding-top: 100px !important;padding-bottom: 100px !important;}&#8220; bg_color_value=&#8220;#ffffff&#8220;][vc_column width=&#8220;2\/6&#8243;][vc_column_text css_animation=&#8220;bounceInLeft&#8220; css=&#8220;&#8220;] STROJE , KTER\u00c9 D\u00c1VAJ\u00cd SMYSL. [\/vc_column_text][\/vc_column][vc_column width=&#8220;4\/6&#8243;][vc_custom_heading text=&#8220;Kdo jsme?&#8220; font_container=&#8220;tag:h3|text_align:left&#8220; use_theme_fonts=&#8220;yes&#8220; css_animation=&#8220;bounceInUp&#8220; css=&#8220;&#8220;][vc_empty_space height=&#8220;25px&#8220;][vc_column_text css_animation=&#8220;bounceInUp&#8220; css=&#8220;&#8220;] Za zna\u010dkou MONOR\u00ae stoj\u00ed slovensk\u00fd t\u00fdm lid\u00ed, kter\u00e9 spojuje v\u00e1\u0161e\u0148 pro technologii, poctiv\u00e1 pr\u00e1ce a dlouholet\u00e9 zku\u0161enosti s laserov\u00fdm \u0159ez\u00e1n\u00edm a grav\u00edrov\u00e1n\u00edm. Ji\u017e v\u00edce ne\u017e 10 let [&hellip;]","og_url":"https:\/\/estroje.sk\/cs\/o-nas\/","og_site_name":"Estroje.sk","article_modified_time":"2026-04-28T13:47:22+00:00","twitter_card":"summary_large_image","twitter_misc":{"Odhadovan\u00e1 doba \u010dten\u00ed":"3 minuty"},"schema":{"@context":"https:\/\/schema.org","@graph":[{"@type":"WebPage","@id":"https:\/\/estroje.sk\/cs\/o-nas\/","url":"https:\/\/estroje.sk\/cs\/o-nas\/","name":"O n\u00e1s - Estroje.sk","isPartOf":{"@id":"https:\/\/estroje.sk\/cs\/#website"},"datePublished":"2017-07-03T12:57:32+00:00","dateModified":"2026-04-28T13:47:22+00:00","breadcrumb":{"@id":"https:\/\/estroje.sk\/cs\/o-nas\/#breadcrumb"},"inLanguage":"cs","potentialAction":[{"@type":"ReadAction","target":["https:\/\/estroje.sk\/cs\/o-nas\/"]}]},{"@type":"BreadcrumbList","@id":"https:\/\/estroje.sk\/cs\/o-nas\/#breadcrumb","itemListElement":[{"@type":"ListItem","position":1,"name":"Home","item":"https:\/\/estroje.sk\/cs\/"},{"@type":"ListItem","position":2,"name":"O n\u00e1s"}]},{"@type":"WebSite","@id":"https:\/\/estroje.sk\/cs\/#website","url":"https:\/\/estroje.sk\/cs\/","name":"Estroje.sk","description":"CO2 lasere, fiber laser a ostatn\u00e9 grav\u00edrovacie stroje","potentialAction":[{"@type":"SearchAction","target":{"@type":"EntryPoint","urlTemplate":"https:\/\/estroje.sk\/cs\/?s={search_term_string}"},"query-input":{"@type":"PropertyValueSpecification","valueRequired":true,"valueName":"search_term_string"}}],"inLanguage":"cs"}]}},"_links":{"self":[{"href":"https:\/\/estroje.sk\/cs\/wp-json\/wp\/v2\/pages\/14331","targetHints":{"allow":["GET"]}}],"collection":[{"href":"https:\/\/estroje.sk\/cs\/wp-json\/wp\/v2\/pages"}],"about":[{"href":"https:\/\/estroje.sk\/cs\/wp-json\/wp\/v2\/types\/page"}],"author":[{"embeddable":true,"href":"https:\/\/estroje.sk\/cs\/wp-json\/wp\/v2\/users\/1"}],"replies":[{"embeddable":true,"href":"https:\/\/estroje.sk\/cs\/wp-json\/wp\/v2\/comments?post=14331"}],"version-history":[{"count":5,"href":"https:\/\/estroje.sk\/cs\/wp-json\/wp\/v2\/pages\/14331\/revisions"}],"predecessor-version":[{"id":14364,"href":"https:\/\/estroje.sk\/cs\/wp-json\/wp\/v2\/pages\/14331\/revisions\/14364"}],"wp:attachment":[{"href":"https:\/\/estroje.sk\/cs\/wp-json\/wp\/v2\/media?parent=14331"}],"curies":[{"name":"wp","href":"https:\/\/api.w.org\/{rel}","templated":true}]}}