{"id":14326,"date":"2021-02-05T14:42:52","date_gmt":"2021-02-05T13:42:52","guid":{"rendered":"https:\/\/estroje.sk\/mate-zajem-o-dalsi-informace-nebo-o-koupi-stroje\/"},"modified":"2026-04-28T15:43:14","modified_gmt":"2026-04-28T13:43:14","slug":"mate-zajem-o-dalsi-informace-nebo-o-koupi-stroje","status":"publish","type":"page","link":"https:\/\/estroje.sk\/cs\/mate-zajem-o-dalsi-informace-nebo-o-koupi-stroje\/","title":{"rendered":"M\u00e1te z\u00e1jem o dal\u0161\u00ed informace nebo o koupi stroje?"},"content":{"rendered":"<div class=\"wpb-content-wrapper\"><p>[vc_row bg_type=&#8220;image&#8220; parallax_style=&#8220;vcpb-default&#8220; bg_image_new=&#8220;id^11235|url^http:\/\/estroje.sk\/wp-content\/uploads\/2019\/04\/05.jpg|caption^null|alt^null|title^05|description^null&#8220; bg_image_repeat=&#8220;no-repeat&#8220; bg_override=&#8220;full&#8220; css=&#8220;.vc_custom_1748280687390{padding-top: 60px !important;padding-bottom: 60px !important;}&#8220;][vc_column][vc_column_text]<\/p>\n<h3 style=\"text-align: center;\"><span style=\"color: #ffffff;\">M\u00e1te z\u00e1jem o dal\u0161\u00ed informace nebo o koupi stroje?<\/span><\/h3>\n<p>[\/vc_column_text][\/vc_column][\/vc_row][vc_row css=&#8220;.vc_custom_1742557211687{margin-top: 30px !important;}&#8220;][vc_column width=&#8220;1\/2&#8243;][vc_column_text css_animation=&#8220;bounceInUp&#8220; css=&#8220;.vc_custom_1743580134813{margin-bottom: 30px !important;}&#8220;]<\/p>\n<p data-start=\"151\" data-end=\"398\">Vypl\u0148te kontaktn\u00ed formul\u00e1\u0159 a my v\u00e1s budeme kontaktovat s podrobn\u00fdmi informacemi o vybran\u00e9m stroji. R\u00e1di v\u00e1m poskytneme odborn\u00e9 poradenstv\u00ed, zodpov\u00edme v\u0161echny va\u0161e dotazy a pom\u016f\u017eeme v\u00e1m vybrat nejvhodn\u011bj\u0161\u00ed \u0159e\u0161en\u00ed pro va\u0161e pot\u0159eby. <\/p>\n<p data-start=\"400\" data-end=\"624\">Formul\u00e1\u0159 slou\u017e\u00ed k <strong data-start=\"418\" data-end=\"437\">nez\u00e1vazn\u00e9 popt\u00e1vce<\/strong>, tak\u017ee se jeho odesl\u00e1n\u00edm k ni\u010demu nezavazujete. Na z\u00e1klad\u011b va\u0161eho z\u00e1jmu m\u016f\u017eeme nab\u00eddku upravit, doporu\u010dit konkr\u00e9tn\u00ed modely nebo navrhnout optim\u00e1ln\u00ed \u0159e\u0161en\u00ed pro va\u0161i aplikaci. <\/p>\n<p data-start=\"626\" data-end=\"743\"><strong data-start=\"626\" data-end=\"713\">Po odesl\u00e1n\u00ed formul\u00e1\u0159e v\u00e1s budeme co nejd\u0159\u00edve kontaktovat telefonicky nebo e-mailem.<\/strong><br data-start=\"713\" data-end=\"716\">T\u011b\u0161\u00edme se na v\u00e1s!<\/p>\n<p>[\/vc_column_text][\/vc_column][vc_column width=&#8220;1\/2&#8243;]\n<div class=\"wpcf7 no-js\" id=\"wpcf7-f11634-o1\" lang=\"sk-SK\" dir=\"ltr\" data-wpcf7-id=\"11634\">\n<div class=\"screen-reader-response\"><p role=\"status\" aria-live=\"polite\" aria-atomic=\"true\"><\/p> <ul><\/ul><\/div>\n<form action=\"\/cs\/wp-json\/wp\/v2\/pages\/14326#wpcf7-f11634-o1\" method=\"post\" class=\"wpcf7-form init\" aria-label=\"Kontaktn\u00fd formul\u00e1r\" novalidate=\"novalidate\" data-status=\"init\">\n<fieldset class=\"hidden-fields-container\"><input type=\"hidden\" name=\"_wpcf7\" value=\"11634\" \/><input type=\"hidden\" name=\"_wpcf7_version\" value=\"6.1.5\" \/><input type=\"hidden\" name=\"_wpcf7_locale\" value=\"sk_SK\" \/><input type=\"hidden\" name=\"_wpcf7_unit_tag\" value=\"wpcf7-f11634-o1\" \/><input type=\"hidden\" name=\"_wpcf7_container_post\" value=\"0\" \/><input type=\"hidden\" name=\"_wpcf7_posted_data_hash\" value=\"\" \/><input type=\"hidden\" name=\"_wpcf7dtx_version\" value=\"5.0.5\" \/><input type=\"hidden\" name=\"_wpcf7_recaptcha_response\" value=\"\" \/>\n<\/fieldset>\n<p><label> Va\u0161e meno (povinn\u00e9)<br \/>\n<span class=\"wpcf7-form-control-wrap\" data-name=\"your-name\"><input size=\"40\" maxlength=\"400\" class=\"wpcf7-form-control wpcf7-text wpcf7-validates-as-required\" aria-required=\"true\" aria-invalid=\"false\" value=\"\" type=\"text\" name=\"your-name\" \/><\/span> <\/label><br \/>\n<label> Firma<br \/>\n<span class=\"wpcf7-form-control-wrap\" data-name=\"your-company\"><input size=\"40\" maxlength=\"400\" class=\"wpcf7-form-control wpcf7-text\" aria-invalid=\"false\" value=\"\" type=\"text\" name=\"your-company\" \/><\/span> <\/label><br \/>\n<label> Mesto<br \/>\n<span class=\"wpcf7-form-control-wrap\" data-name=\"your-city\"><input size=\"40\" maxlength=\"400\" class=\"wpcf7-form-control wpcf7-text\" aria-invalid=\"false\" value=\"\" type=\"text\" name=\"your-city\" \/><\/span> <\/label><br \/>\n<label> V\u00e1\u0161 telef\u00f3n (povinn\u00e9)<br \/>\n<span class=\"wpcf7-form-control-wrap\" data-name=\"your-tel\"><input size=\"40\" maxlength=\"400\" class=\"wpcf7-form-control wpcf7-text wpcf7-validates-as-required\" aria-required=\"true\" aria-invalid=\"false\" value=\"\" type=\"text\" name=\"your-tel\" \/><\/span> <\/label><br \/>\n<label> V\u00e1\u0161 email (povinn\u00e9)<br \/>\n<span class=\"wpcf7-form-control-wrap\" data-name=\"your-email\"><input size=\"40\" maxlength=\"400\" class=\"wpcf7-form-control wpcf7-email wpcf7-validates-as-required wpcf7-text wpcf7-validates-as-email\" aria-required=\"true\" aria-invalid=\"false\" value=\"\" type=\"email\" name=\"your-email\" \/><\/span> <\/label>\n<\/p>\n<p><label> Produkt<br \/>\n<span class=\"wpcf7-form-control-wrap produkt\" data-name=\"produkt\"><input type=\"text\" name=\"produkt\" class=\"wpcf7-form-control wpcf7-text wpcf7dtx wpcf7dtx-text\" aria-invalid=\"false\"><\/span> <\/label>\n<\/p>\n<p><label> Spr\u00e1va<br \/>\n<span class=\"wpcf7-form-control-wrap\" data-name=\"your-message\"><textarea cols=\"40\" rows=\"10\" maxlength=\"2000\" class=\"wpcf7-form-control wpcf7-textarea\" aria-invalid=\"false\" name=\"your-message\"><\/textarea><\/span> <\/label>\n<\/p>\n<p><input class=\"wpcf7-form-control wpcf7-submit has-spinner vc_general\" type=\"submit\" value=\"Odosla\u0165 dopyt\" \/>\n<\/p><div class=\"wpcf7-response-output\" aria-hidden=\"true\"><\/div>\n<\/form>\n<\/div>\n[\/vc_column][\/vc_row]<\/p>\n<\/div>","protected":false},"excerpt":{"rendered":"<p>[vc_row bg_type=&#8220;image&#8220; parallax_style=&#8220;vcpb-default&#8220; bg_image_new=&#8220;id^11235|url^http:\/\/estroje.sk\/wp-content\/uploads\/2019\/04\/05.jpg|caption^null|alt^null|title^05|description^null&#8220; bg_image_repeat=&#8220;no-repeat&#8220; bg_override=&#8220;full&#8220; css=&#8220;.vc_custom_1748280687390{padding-top: 60px !important;padding-bottom: 60px !important;}&#8220;][vc_column][vc_column_text] M\u00e1te z\u00e1jem o dal\u0161\u00ed informace nebo o koupi stroje? [\/vc_column_text][\/vc_column][\/vc_row][vc_row css=&#8220;.vc_custom_1742557211687{margin-top: 30px !important;}&#8220;][vc_column width=&#8220;1\/2&#8243;][vc_column_text css_animation=&#8220;bounceInUp&#8220; css=&#8220;.vc_custom_1743580134813{margin-bottom: 30px !important;}&#8220;] Vypl\u0148te kontaktn\u00ed formul\u00e1\u0159 a my v\u00e1s budeme kontaktovat s podrobn\u00fdmi informacemi o vybran\u00e9m stroji. R\u00e1di v\u00e1m poskytneme odborn\u00e9 poradenstv\u00ed, zodpov\u00edme v\u0161echny va\u0161e dotazy a pom\u016f\u017eeme v\u00e1m [&hellip;]<\/p>\n","protected":false},"author":1,"featured_media":0,"parent":0,"menu_order":0,"comment_status":"closed","ping_status":"closed","template":"page.php","meta":{"footnotes":""},"class_list":["post-14326","page","type-page","status-publish","hentry"],"yoast_head":"<!-- This site is optimized with the Yoast SEO plugin v27.5 - https:\/\/yoast.com\/product\/yoast-seo-wordpress\/ -->\n<title>M\u00e1te z\u00e1jem o dal\u0161\u00ed informace nebo o koupi stroje? - Estroje.sk<\/title>\n<meta name=\"robots\" content=\"index, follow, max-snippet:-1, max-image-preview:large, max-video-preview:-1\" \/>\n<link rel=\"canonical\" href=\"https:\/\/estroje.sk\/cs\/mate-zajem-o-dalsi-informace-nebo-o-koupi-stroje\/\" \/>\n<meta property=\"og:locale\" content=\"cs_CZ\" \/>\n<meta property=\"og:type\" content=\"article\" \/>\n<meta property=\"og:title\" content=\"M\u00e1te z\u00e1jem o dal\u0161\u00ed informace nebo o koupi stroje? - Estroje.sk\" \/>\n<meta property=\"og:description\" content=\"[vc_row bg_type=&#8220;image&#8220; parallax_style=&#8220;vcpb-default&#8220; bg_image_new=&#8220;id^11235|url^http:\/\/estroje.sk\/wp-content\/uploads\/2019\/04\/05.jpg|caption^null|alt^null|title^05|description^null&#8220; bg_image_repeat=&#8220;no-repeat&#8220; bg_override=&#8220;full&#8220; css=&#8220;.vc_custom_1748280687390{padding-top: 60px !important;padding-bottom: 60px !important;}&#8220;][vc_column][vc_column_text] M\u00e1te z\u00e1jem o dal\u0161\u00ed informace nebo o koupi stroje? [\/vc_column_text][\/vc_column][\/vc_row][vc_row css=&#8220;.vc_custom_1742557211687{margin-top: 30px !important;}&#8220;][vc_column width=&#8220;1\/2&#8243;][vc_column_text css_animation=&#8220;bounceInUp&#8220; css=&#8220;.vc_custom_1743580134813{margin-bottom: 30px !important;}&#8220;] Vypl\u0148te kontaktn\u00ed formul\u00e1\u0159 a my v\u00e1s budeme kontaktovat s podrobn\u00fdmi informacemi o vybran\u00e9m stroji. R\u00e1di v\u00e1m poskytneme odborn\u00e9 poradenstv\u00ed, zodpov\u00edme v\u0161echny va\u0161e dotazy a pom\u016f\u017eeme v\u00e1m [&hellip;]\" \/>\n<meta property=\"og:url\" content=\"https:\/\/estroje.sk\/cs\/mate-zajem-o-dalsi-informace-nebo-o-koupi-stroje\/\" \/>\n<meta property=\"og:site_name\" content=\"Estroje.sk\" \/>\n<meta property=\"article:modified_time\" content=\"2026-04-28T13:43:14+00:00\" \/>\n<meta name=\"twitter:card\" content=\"summary_large_image\" \/>\n<meta name=\"twitter:label1\" content=\"Odhadovan\u00e1 doba \u010dten\u00ed\" \/>\n\t<meta name=\"twitter:data1\" content=\"1 minuta\" \/>\n<script type=\"application\/ld+json\" class=\"yoast-schema-graph\">{\"@context\":\"https:\\\/\\\/schema.org\",\"@graph\":[{\"@type\":\"WebPage\",\"@id\":\"https:\\\/\\\/estroje.sk\\\/cs\\\/mate-zajem-o-dalsi-informace-nebo-o-koupi-stroje\\\/\",\"url\":\"https:\\\/\\\/estroje.sk\\\/cs\\\/mate-zajem-o-dalsi-informace-nebo-o-koupi-stroje\\\/\",\"name\":\"M\u00e1te z\u00e1jem o dal\u0161\u00ed informace nebo o koupi stroje? - Estroje.sk\",\"isPartOf\":{\"@id\":\"https:\\\/\\\/estroje.sk\\\/cs\\\/#website\"},\"datePublished\":\"2021-02-05T13:42:52+00:00\",\"dateModified\":\"2026-04-28T13:43:14+00:00\",\"breadcrumb\":{\"@id\":\"https:\\\/\\\/estroje.sk\\\/cs\\\/mate-zajem-o-dalsi-informace-nebo-o-koupi-stroje\\\/#breadcrumb\"},\"inLanguage\":\"cs\",\"potentialAction\":[{\"@type\":\"ReadAction\",\"target\":[\"https:\\\/\\\/estroje.sk\\\/cs\\\/mate-zajem-o-dalsi-informace-nebo-o-koupi-stroje\\\/\"]}]},{\"@type\":\"BreadcrumbList\",\"@id\":\"https:\\\/\\\/estroje.sk\\\/cs\\\/mate-zajem-o-dalsi-informace-nebo-o-koupi-stroje\\\/#breadcrumb\",\"itemListElement\":[{\"@type\":\"ListItem\",\"position\":1,\"name\":\"Home\",\"item\":\"https:\\\/\\\/estroje.sk\\\/cs\\\/\"},{\"@type\":\"ListItem\",\"position\":2,\"name\":\"M\u00e1te z\u00e1jem o dal\u0161\u00ed informace nebo o koupi stroje?\"}]},{\"@type\":\"WebSite\",\"@id\":\"https:\\\/\\\/estroje.sk\\\/cs\\\/#website\",\"url\":\"https:\\\/\\\/estroje.sk\\\/cs\\\/\",\"name\":\"Estroje.sk\",\"description\":\"CO2 lasere, fiber laser a ostatn\u00e9 grav\u00edrovacie stroje\",\"potentialAction\":[{\"@type\":\"SearchAction\",\"target\":{\"@type\":\"EntryPoint\",\"urlTemplate\":\"https:\\\/\\\/estroje.sk\\\/cs\\\/?s={search_term_string}\"},\"query-input\":{\"@type\":\"PropertyValueSpecification\",\"valueRequired\":true,\"valueName\":\"search_term_string\"}}],\"inLanguage\":\"cs\"}]}<\/script>\n<!-- \/ Yoast SEO plugin. -->","yoast_head_json":{"title":"M\u00e1te z\u00e1jem o dal\u0161\u00ed informace nebo o koupi stroje? - Estroje.sk","robots":{"index":"index","follow":"follow","max-snippet":"max-snippet:-1","max-image-preview":"max-image-preview:large","max-video-preview":"max-video-preview:-1"},"canonical":"https:\/\/estroje.sk\/cs\/mate-zajem-o-dalsi-informace-nebo-o-koupi-stroje\/","og_locale":"cs_CZ","og_type":"article","og_title":"M\u00e1te z\u00e1jem o dal\u0161\u00ed informace nebo o koupi stroje? - Estroje.sk","og_description":"[vc_row bg_type=&#8220;image&#8220; parallax_style=&#8220;vcpb-default&#8220; bg_image_new=&#8220;id^11235|url^http:\/\/estroje.sk\/wp-content\/uploads\/2019\/04\/05.jpg|caption^null|alt^null|title^05|description^null&#8220; bg_image_repeat=&#8220;no-repeat&#8220; bg_override=&#8220;full&#8220; css=&#8220;.vc_custom_1748280687390{padding-top: 60px !important;padding-bottom: 60px !important;}&#8220;][vc_column][vc_column_text] M\u00e1te z\u00e1jem o dal\u0161\u00ed informace nebo o koupi stroje? [\/vc_column_text][\/vc_column][\/vc_row][vc_row css=&#8220;.vc_custom_1742557211687{margin-top: 30px !important;}&#8220;][vc_column width=&#8220;1\/2&#8243;][vc_column_text css_animation=&#8220;bounceInUp&#8220; css=&#8220;.vc_custom_1743580134813{margin-bottom: 30px !important;}&#8220;] Vypl\u0148te kontaktn\u00ed formul\u00e1\u0159 a my v\u00e1s budeme kontaktovat s podrobn\u00fdmi informacemi o vybran\u00e9m stroji. R\u00e1di v\u00e1m poskytneme odborn\u00e9 poradenstv\u00ed, zodpov\u00edme v\u0161echny va\u0161e dotazy a pom\u016f\u017eeme v\u00e1m [&hellip;]","og_url":"https:\/\/estroje.sk\/cs\/mate-zajem-o-dalsi-informace-nebo-o-koupi-stroje\/","og_site_name":"Estroje.sk","article_modified_time":"2026-04-28T13:43:14+00:00","twitter_card":"summary_large_image","twitter_misc":{"Odhadovan\u00e1 doba \u010dten\u00ed":"1 minuta"},"schema":{"@context":"https:\/\/schema.org","@graph":[{"@type":"WebPage","@id":"https:\/\/estroje.sk\/cs\/mate-zajem-o-dalsi-informace-nebo-o-koupi-stroje\/","url":"https:\/\/estroje.sk\/cs\/mate-zajem-o-dalsi-informace-nebo-o-koupi-stroje\/","name":"M\u00e1te z\u00e1jem o dal\u0161\u00ed informace nebo o koupi stroje? - Estroje.sk","isPartOf":{"@id":"https:\/\/estroje.sk\/cs\/#website"},"datePublished":"2021-02-05T13:42:52+00:00","dateModified":"2026-04-28T13:43:14+00:00","breadcrumb":{"@id":"https:\/\/estroje.sk\/cs\/mate-zajem-o-dalsi-informace-nebo-o-koupi-stroje\/#breadcrumb"},"inLanguage":"cs","potentialAction":[{"@type":"ReadAction","target":["https:\/\/estroje.sk\/cs\/mate-zajem-o-dalsi-informace-nebo-o-koupi-stroje\/"]}]},{"@type":"BreadcrumbList","@id":"https:\/\/estroje.sk\/cs\/mate-zajem-o-dalsi-informace-nebo-o-koupi-stroje\/#breadcrumb","itemListElement":[{"@type":"ListItem","position":1,"name":"Home","item":"https:\/\/estroje.sk\/cs\/"},{"@type":"ListItem","position":2,"name":"M\u00e1te z\u00e1jem o dal\u0161\u00ed informace nebo o koupi stroje?"}]},{"@type":"WebSite","@id":"https:\/\/estroje.sk\/cs\/#website","url":"https:\/\/estroje.sk\/cs\/","name":"Estroje.sk","description":"CO2 lasere, fiber laser a ostatn\u00e9 grav\u00edrovacie stroje","potentialAction":[{"@type":"SearchAction","target":{"@type":"EntryPoint","urlTemplate":"https:\/\/estroje.sk\/cs\/?s={search_term_string}"},"query-input":{"@type":"PropertyValueSpecification","valueRequired":true,"valueName":"search_term_string"}}],"inLanguage":"cs"}]}},"_links":{"self":[{"href":"https:\/\/estroje.sk\/cs\/wp-json\/wp\/v2\/pages\/14326","targetHints":{"allow":["GET"]}}],"collection":[{"href":"https:\/\/estroje.sk\/cs\/wp-json\/wp\/v2\/pages"}],"about":[{"href":"https:\/\/estroje.sk\/cs\/wp-json\/wp\/v2\/types\/page"}],"author":[{"embeddable":true,"href":"https:\/\/estroje.sk\/cs\/wp-json\/wp\/v2\/users\/1"}],"replies":[{"embeddable":true,"href":"https:\/\/estroje.sk\/cs\/wp-json\/wp\/v2\/comments?post=14326"}],"version-history":[{"count":4,"href":"https:\/\/estroje.sk\/cs\/wp-json\/wp\/v2\/pages\/14326\/revisions"}],"predecessor-version":[{"id":14330,"href":"https:\/\/estroje.sk\/cs\/wp-json\/wp\/v2\/pages\/14326\/revisions\/14330"}],"wp:attachment":[{"href":"https:\/\/estroje.sk\/cs\/wp-json\/wp\/v2\/media?parent=14326"}],"curies":[{"name":"wp","href":"https:\/\/api.w.org\/{rel}","templated":true}]}}