{"id":14320,"date":"2017-07-03T15:49:44","date_gmt":"2017-07-03T13:49:44","guid":{"rendered":"https:\/\/estroje.sk\/kontakt\/"},"modified":"2026-04-28T15:42:06","modified_gmt":"2026-04-28T13:42:06","slug":"kontakt","status":"publish","type":"page","link":"https:\/\/estroje.sk\/cs\/kontakt\/","title":{"rendered":"Kontakt"},"content":{"rendered":"<div class=\"wpb-content-wrapper\"><p>[vc_row bg_type=&#8220;image&#8220; parallax_style=&#8220;vcpb-default&#8220; bg_image_new=&#8220;id^11235|url^http:\/\/estroje.sk\/wp-content\/uploads\/2019\/04\/05.jpg|caption^null|alt^null|title^05|description^null&#8220; bg_image_repeat=&#8220;no-repeat&#8220; bg_override=&#8220;ex-full&#8220; css=&#8220;.vc_custom_1559468197523{padding-top: 60px !important;padding-bottom: 60px !important;}&#8220;][vc_column][vc_column_text]<\/p>\n<h3 style=\"text-align: center;\"><span style=\"color: #ffffff;\">KONTAKT<\/span><\/h3>\n<p>[\/vc_column_text][\/vc_column][\/vc_row][vc_row el_class=&#8220;contacts-zindex-higher&#8220;][vc_column]<div class=\"ult-content-box-container \" >\t\t<div class=\"ult-content-box\" style=\"background-color:#ffffff;box-shadow: 0px 0px 25px 10px rgba(172,182,191,0.2) ;padding-top:50px;padding-right:30px;padding-bottom:40px;padding-left:30px;-webkit-transition: all 700ms ease;-moz-transition: all 700ms ease;-ms-transition: all 700ms ease;-o-transition: all 700ms ease;transition: all 700ms ease;\"  data-hover_bg_color=\"#ffffff\"  data-hover_box_shadow=\" 0px 0px 25px 10px rgba(172,182,191,0.2) \"     data-bg=\"#ffffff\" >[vc_row_inner][vc_column_inner width=&#8220;1\/3&#8243;]<div class=\"ult-animation  ult-animate-viewport  ult-no-mobile \" data-animate=\"fadeInUp\" data-animation-delay=\"0\" data-animation-duration=\"1\" data-animation-iteration=\"1\" style=\"opacity:0;\" data-opacity_start_effect=\"80\"><div class=\"aio-icon-component    style_1\"><div id=\"Info-box-wrap-9437\" class=\"aio-icon-box top-icon\" style=\"\"  ><div class=\"aio-icon-top\"><div class=\"ult-just-icon-wrapper  \"><div class=\"align-icon\" style=\"text-align:center;\">\n<div class=\"aio-icon none \" data-animation=\"fadeInDown\" data-animation-delay=\"03\" style=\"color:__USE_THEME_MAIN_COLOR__;font-size:34px;display:inline-block;\">\n\t<i class=\"linearicons-map\"><\/i>\n<\/div><\/div><\/div><\/div><div class=\"aio-icon-description ult-responsive\"  data-ultimate-target='#Info-box-wrap-9437 .aio-icon-description'  data-responsive-json-new='{\"font-size\":\"desktop:15px;\",\"line-height\":\"desktop:22px;\"}'  style=\"font-family:&#039;Poppins&#039;;font-weight:normal;font-style:normal;color:#000000;\">038 41 Ko\u0161\u0165any nad Turcom 508<\/div> <!-- description --><\/div> <!-- aio-icon-box --><\/div> <!-- aio-icon-component --><\/div>[\/vc_column_inner][vc_column_inner width=&#8220;1\/3&#8243; css=&#8220;.vc_custom_1525886959910{padding-left: 40px !important;}&#8220;]<div class=\"ult-animation  ult-animate-viewport  ult-no-mobile \" data-animate=\"fadeInUp\" data-animation-delay=\"0.3\" data-animation-duration=\"1\" data-animation-iteration=\"1\" style=\"opacity:0;\" data-opacity_start_effect=\"80\"><div class=\"ult-spacer spacer-69f199d783002\" data-id=\"69f199d783002\" data-height=\"\" data-height-mobile=\"40\" data-height-tab=\"\" data-height-tab-portrait=\"\" data-height-mobile-landscape=\"40\" style=\"clear:both;display:block;\"><\/div><div class=\"aio-icon-component    style_1\"><div id=\"Info-box-wrap-7515\" class=\"aio-icon-box top-icon\" style=\"\"  ><div class=\"aio-icon-top\"><div class=\"ult-just-icon-wrapper  \"><div class=\"align-icon\" style=\"text-align:center;\">\n<div class=\"aio-icon none \"  style=\"color:__USE_THEME_MAIN_COLOR__;font-size:34px;display:inline-block;\">\n\t<i class=\"linearicons-at-sign\"><\/i>\n<\/div><\/div><\/div><\/div><div class=\"aio-icon-description ult-responsive\"  data-ultimate-target='#Info-box-wrap-7515 .aio-icon-description'  data-responsive-json-new='{\"font-size\":\"desktop:17px;\",\"line-height\":\"desktop:22px;\"}'  style=\"font-family:&#039;Poppins&#039;;font-weight:normal;font-style:normal;color:#000000;\">info@estroje.sk<\/div> <!-- description --><\/div> <!-- aio-icon-box --><\/div> <!-- aio-icon-component --><\/div>[\/vc_column_inner][vc_column_inner width=&#8220;1\/3&#8243;]<div class=\"ult-animation  ult-animate-viewport  ult-no-mobile \" data-animate=\"fadeInUp\" data-animation-delay=\"0.6\" data-animation-duration=\"1\" data-animation-iteration=\"1\" style=\"opacity:0;\" data-opacity_start_effect=\"80\"><div class=\"ult-spacer spacer-69f199d783235\" data-id=\"69f199d783235\" data-height=\"\" data-height-mobile=\"40\" data-height-tab=\"\" data-height-tab-portrait=\"\" data-height-mobile-landscape=\"40\" style=\"clear:both;display:block;\"><\/div><div class=\"aio-icon-component    style_1\"><div id=\"Info-box-wrap-8645\" class=\"aio-icon-box top-icon\" style=\"\"  ><div class=\"aio-icon-top\"><div class=\"ult-just-icon-wrapper  \"><div class=\"align-icon\" style=\"text-align:center;\">\n<div class=\"aio-icon none \"  style=\"color:__USE_THEME_MAIN_COLOR__;font-size:34px;display:inline-block;\">\n\t<i class=\"linearicons-phone-wave\"><\/i>\n<\/div><\/div><\/div><\/div><div class=\"aio-icon-description ult-responsive\"  data-ultimate-target='#Info-box-wrap-8645 .aio-icon-description'  data-responsive-json-new='{\"font-size\":\"desktop:17px;\",\"line-height\":\"desktop:22px;\"}'  style=\"font-family:&#039;Poppins&#039;;font-weight:normal;font-style:normal;color:#000000;\">(+421) 908 537 454<\/div> <!-- description --><\/div> <!-- aio-icon-box --><\/div> <!-- aio-icon-component --><\/div>[\/vc_column_inner][\/vc_row_inner]\t\t<\/div><\/div>[\/vc_column][\/vc_row][vc_row css=&#8220;.vc_custom_1559470282907{padding-top: 60px !important;padding-right: 50px !important;padding-bottom: 60px !important;padding-left: 50px !important;}&#8220;][vc_column width=&#8220;1\/3&#8243;][vc_custom_heading text=&#8220;Faktura\u010dn\u00ed \u00fadaje&#8220; font_container=&#8220;tag:h3|text_align:left&#8220; use_theme_fonts=&#8220;yes&#8220; el_class=&#8220;no-letter-spacing&#8220;][vc_empty_space height=&#8220;10px&#8220;][vc_custom_heading text=&#8220;<b>ECOMP Slovakia, s.r.o.<\/b><br \/>\nKo\u0161\u0165any nad Turcom 124<br \/>\n038 41 Ko\u0161\u0165any nad Turcom<br \/>Slovensk\u00e1 republika<\/p>\n<p>I\u010cO: 44788495<br \/>\nDIC: 2022826729<br \/>\nI\u010c-DPH: SK2022826729<\/p>\n<p>Zap. v obchodn\u00edm rejst\u0159\u00edku Okresn\u00edho soudu v \u017dilin\u011b, odd\u00edl: Sro, \u010d\u00edslo vlo\u017eky: 51315\/L. &#8220; font_container=&#8220;tag:p|font_size:16px|text_align:left|color:%23999999|line_height:25px&#8220; use_theme_fonts=&#8220;yes&#8220; el_class=&#8220;no-letter-spacing&#8220;][vc_empty_space height=&#8220;25px&#8220;][vc_custom_heading text=&#8220;Sledujte n\u00e1s&#8220; font_container=&#8220;tag:h4|text_align:left&#8220; use_theme_fonts=&#8220;yes&#8220; el_class=&#8220;no-letter-spacing&#8220;][vc_empty_space height=&#8220;5px&#8220;]<div class=\"ult-just-icon-wrapper align-icon-left \"><div class=\"align-icon\" style=\"text-align:left;\">\n<a class=\"aio-tooltip 69f199d7833e3\" href=\"https:\/\/www.facebook.com\/estrojeSK\" title=\"Facebook estroje.sk\"  data-toggle=\"tooltip\" data-placement=\"\"><div class=\"aio-icon circle \" data-animation=\"fadeInUp\" data-animation-delay=\"03\" style=\"background:__USE_THEME_MAIN_COLOR__;font-size:18px;\">\n\t<i class=\"Defaults-facebook facebook-f\"><\/i>\n<\/div><\/a><\/div><\/div>[\/vc_column][vc_column width=&#8220;2\/3&#8243;][vc_custom_heading text=&#8220;Napi\u0161te n\u00e1m&#8220; font_container=&#8220;tag:h3|text_align:left&#8220; use_theme_fonts=&#8220;yes&#8220; el_class=&#8220;no-letter-spacing&#8220;]<div class=\"ult-animation  ult-animate-viewport  ult-no-mobile \" data-animate=\"fadeInUp\" data-animation-delay=\"0.3\" data-animation-duration=\"1\" data-animation-iteration=\"1\" style=\"opacity:0;\" data-opacity_start_effect=\"80\"><div class=\"ult-spacer spacer-69f199d78355c\" data-id=\"69f199d78355c\" data-height=\"0\" data-height-mobile=\"70\" data-height-tab=\"\" data-height-tab-portrait=\"\" data-height-mobile-landscape=\"70\" style=\"clear:both;display:block;\"><\/div>\n<div class=\"wpcf7 no-js\" id=\"wpcf7-f9028-o1\" lang=\"sk-SK\" dir=\"ltr\" data-wpcf7-id=\"9028\">\n<div class=\"screen-reader-response\"><p role=\"status\" aria-live=\"polite\" aria-atomic=\"true\"><\/p> <ul><\/ul><\/div>\n<form action=\"\/cs\/wp-json\/wp\/v2\/pages\/14320#wpcf7-f9028-o1\" method=\"post\" class=\"wpcf7-form init\" aria-label=\"Kontaktn\u00fd formul\u00e1r\" novalidate=\"novalidate\" data-status=\"init\">\n<fieldset class=\"hidden-fields-container\"><input type=\"hidden\" name=\"_wpcf7\" value=\"9028\" \/><input type=\"hidden\" name=\"_wpcf7_version\" value=\"6.1.5\" \/><input type=\"hidden\" name=\"_wpcf7_locale\" value=\"sk_SK\" \/><input type=\"hidden\" name=\"_wpcf7_unit_tag\" value=\"wpcf7-f9028-o1\" \/><input type=\"hidden\" name=\"_wpcf7_container_post\" value=\"0\" \/><input type=\"hidden\" name=\"_wpcf7_posted_data_hash\" value=\"\" \/><input type=\"hidden\" name=\"_wpcf7dtx_version\" value=\"5.0.5\" \/><input type=\"hidden\" name=\"_wpcf7_recaptcha_response\" value=\"\" \/>\n<\/fieldset>\n<div class=\"skudo-multiple-fields\">\n\t<div class=\"f-name\">\n\t\t<p>Va\u0161e meno <span class=\"cforms-required\">(*)<\/span>\n\t\t<\/p>\n\t\t<p><span class=\"wpcf7-form-control-wrap\" data-name=\"your-name\"><input size=\"40\" maxlength=\"400\" class=\"wpcf7-form-control wpcf7-text wpcf7-validates-as-required\" aria-required=\"true\" aria-invalid=\"false\" value=\"\" type=\"text\" name=\"your-name\" \/><\/span>\n\t\t<\/p>\n\t<\/div>\n\t<div class=\"f-email\">\n\t\t<p>Email <span class=\"cforms-required\">(*)<\/span>\n\t\t<\/p>\n\t\t<p><span class=\"wpcf7-form-control-wrap\" data-name=\"your-email\"><input size=\"40\" maxlength=\"400\" class=\"wpcf7-form-control wpcf7-email wpcf7-validates-as-required wpcf7-text wpcf7-validates-as-email\" aria-required=\"true\" aria-invalid=\"false\" value=\"\" type=\"email\" name=\"your-email\" \/><\/span>\n\t\t<\/p>\n\t<\/div>\n\t<div class=\"f-message\">\n\t\t<p>Va\u0161a ot\u00e1zka, dopyt, inform\u00e1cia\n\t\t<\/p>\n\t\t<p><span class=\"wpcf7-form-control-wrap\" data-name=\"your-message\"><textarea cols=\"40\" rows=\"10\" maxlength=\"2000\" class=\"wpcf7-form-control wpcf7-textarea\" aria-invalid=\"false\" name=\"your-message\"><\/textarea><\/span>\n\t\t<\/p>\n\t<\/div>\n\t<div class=\"bt-contact\">\n\t\t<p><a class=\"btn-contact-left\"><input class=\"wpcf7-form-control wpcf7-submit has-spinner\" type=\"submit\" value=\"Odosla\u0165\" \/><\/a>\n\t\t<\/p>\n\t<\/div>\n<\/div><div class=\"wpcf7-response-output\" aria-hidden=\"true\"><\/div>\n<\/form>\n<\/div>\n<\/div>[\/vc_column][\/vc_row]<\/p>\n<\/div>","protected":false},"excerpt":{"rendered":"<p>[vc_row bg_type=&#8220;image&#8220; parallax_style=&#8220;vcpb-default&#8220; bg_image_new=&#8220;id^11235|url^http:\/\/estroje.sk\/wp-content\/uploads\/2019\/04\/05.jpg|caption^null|alt^null|title^05|description^null&#8220; bg_image_repeat=&#8220;no-repeat&#8220; bg_override=&#8220;ex-full&#8220; css=&#8220;.vc_custom_1559468197523{padding-top: 60px !important;padding-bottom: 60px !important;}&#8220;][vc_column][vc_column_text] KONTAKT [\/vc_column_text][\/vc_column][\/vc_row][vc_row el_class=&#8220;contacts-zindex-higher&#8220;][vc_column][\/vc_column][\/vc_row][vc_row css=&#8220;.vc_custom_1559470282907{padding-top: 60px !important;padding-right: 50px !important;padding-bottom: 60px !important;padding-left: 50px !important;}&#8220;][vc_column width=&#8220;1\/3&#8243;][vc_custom_heading text=&#8220;Faktura\u010dn\u00ed \u00fadaje&#8220; font_container=&#8220;tag:h3|text_align:left&#8220; use_theme_fonts=&#8220;yes&#8220; el_class=&#8220;no-letter-spacing&#8220;][vc_empty_space height=&#8220;10px&#8220;][vc_custom_heading text=&#8220;ECOMP Slovakia, s.r.o. Ko\u0161\u0165any nad Turcom 124 038 41 Ko\u0161\u0165any nad TurcomSlovensk\u00e1 republika I\u010cO: 44788495 DIC: 2022826729 I\u010c-DPH: SK2022826729 Zap. v obchodn\u00edm rejst\u0159\u00edku Okresn\u00edho soudu [&hellip;]<\/p>\n","protected":false},"author":1,"featured_media":0,"parent":0,"menu_order":0,"comment_status":"closed","ping_status":"closed","template":"page.php","meta":{"footnotes":""},"class_list":["post-14320","page","type-page","status-publish","hentry"],"yoast_head":"<!-- This site is optimized with the Yoast SEO plugin v27.5 - https:\/\/yoast.com\/product\/yoast-seo-wordpress\/ -->\n<title>Kontakt - Estroje.sk<\/title>\n<meta name=\"robots\" content=\"index, follow, max-snippet:-1, max-image-preview:large, max-video-preview:-1\" \/>\n<link rel=\"canonical\" href=\"https:\/\/estroje.sk\/cs\/kontakt\/\" \/>\n<meta property=\"og:locale\" content=\"cs_CZ\" \/>\n<meta property=\"og:type\" content=\"article\" \/>\n<meta property=\"og:title\" content=\"Kontakt - Estroje.sk\" \/>\n<meta property=\"og:description\" content=\"[vc_row bg_type=&#8220;image&#8220; parallax_style=&#8220;vcpb-default&#8220; bg_image_new=&#8220;id^11235|url^http:\/\/estroje.sk\/wp-content\/uploads\/2019\/04\/05.jpg|caption^null|alt^null|title^05|description^null&#8220; bg_image_repeat=&#8220;no-repeat&#8220; bg_override=&#8220;ex-full&#8220; css=&#8220;.vc_custom_1559468197523{padding-top: 60px !important;padding-bottom: 60px !important;}&#8220;][vc_column][vc_column_text] KONTAKT [\/vc_column_text][\/vc_column][\/vc_row][vc_row el_class=&#8220;contacts-zindex-higher&#8220;][vc_column][\/vc_column][\/vc_row][vc_row css=&#8220;.vc_custom_1559470282907{padding-top: 60px !important;padding-right: 50px !important;padding-bottom: 60px !important;padding-left: 50px !important;}&#8220;][vc_column width=&#8220;1\/3&#8243;][vc_custom_heading text=&#8220;Faktura\u010dn\u00ed \u00fadaje&#8220; font_container=&#8220;tag:h3|text_align:left&#8220; use_theme_fonts=&#8220;yes&#8220; el_class=&#8220;no-letter-spacing&#8220;][vc_empty_space height=&#8220;10px&#8220;][vc_custom_heading text=&#8220;ECOMP Slovakia, s.r.o. Ko\u0161\u0165any nad Turcom 124 038 41 Ko\u0161\u0165any nad TurcomSlovensk\u00e1 republika I\u010cO: 44788495 DIC: 2022826729 I\u010c-DPH: SK2022826729 Zap. v obchodn\u00edm rejst\u0159\u00edku Okresn\u00edho soudu [&hellip;]\" \/>\n<meta property=\"og:url\" content=\"https:\/\/estroje.sk\/cs\/kontakt\/\" \/>\n<meta property=\"og:site_name\" content=\"Estroje.sk\" \/>\n<meta property=\"article:modified_time\" content=\"2026-04-28T13:42:06+00:00\" \/>\n<meta name=\"twitter:card\" content=\"summary_large_image\" \/>\n<meta name=\"twitter:label1\" content=\"Odhadovan\u00e1 doba \u010dten\u00ed\" \/>\n\t<meta name=\"twitter:data1\" content=\"3 minuty\" \/>\n<script type=\"application\/ld+json\" class=\"yoast-schema-graph\">{\"@context\":\"https:\\\/\\\/schema.org\",\"@graph\":[{\"@type\":\"WebPage\",\"@id\":\"https:\\\/\\\/estroje.sk\\\/cs\\\/kontakt\\\/\",\"url\":\"https:\\\/\\\/estroje.sk\\\/cs\\\/kontakt\\\/\",\"name\":\"Kontakt - Estroje.sk\",\"isPartOf\":{\"@id\":\"https:\\\/\\\/estroje.sk\\\/cs\\\/#website\"},\"datePublished\":\"2017-07-03T13:49:44+00:00\",\"dateModified\":\"2026-04-28T13:42:06+00:00\",\"breadcrumb\":{\"@id\":\"https:\\\/\\\/estroje.sk\\\/cs\\\/kontakt\\\/#breadcrumb\"},\"inLanguage\":\"cs\",\"potentialAction\":[{\"@type\":\"ReadAction\",\"target\":[\"https:\\\/\\\/estroje.sk\\\/cs\\\/kontakt\\\/\"]}]},{\"@type\":\"BreadcrumbList\",\"@id\":\"https:\\\/\\\/estroje.sk\\\/cs\\\/kontakt\\\/#breadcrumb\",\"itemListElement\":[{\"@type\":\"ListItem\",\"position\":1,\"name\":\"Home\",\"item\":\"https:\\\/\\\/estroje.sk\\\/cs\\\/\"},{\"@type\":\"ListItem\",\"position\":2,\"name\":\"Kontakt\"}]},{\"@type\":\"WebSite\",\"@id\":\"https:\\\/\\\/estroje.sk\\\/cs\\\/#website\",\"url\":\"https:\\\/\\\/estroje.sk\\\/cs\\\/\",\"name\":\"Estroje.sk\",\"description\":\"CO2 lasere, fiber laser a ostatn\u00e9 grav\u00edrovacie stroje\",\"potentialAction\":[{\"@type\":\"SearchAction\",\"target\":{\"@type\":\"EntryPoint\",\"urlTemplate\":\"https:\\\/\\\/estroje.sk\\\/cs\\\/?s={search_term_string}\"},\"query-input\":{\"@type\":\"PropertyValueSpecification\",\"valueRequired\":true,\"valueName\":\"search_term_string\"}}],\"inLanguage\":\"cs\"}]}<\/script>\n<!-- \/ Yoast SEO plugin. -->","yoast_head_json":{"title":"Kontakt - Estroje.sk","robots":{"index":"index","follow":"follow","max-snippet":"max-snippet:-1","max-image-preview":"max-image-preview:large","max-video-preview":"max-video-preview:-1"},"canonical":"https:\/\/estroje.sk\/cs\/kontakt\/","og_locale":"cs_CZ","og_type":"article","og_title":"Kontakt - Estroje.sk","og_description":"[vc_row bg_type=&#8220;image&#8220; parallax_style=&#8220;vcpb-default&#8220; bg_image_new=&#8220;id^11235|url^http:\/\/estroje.sk\/wp-content\/uploads\/2019\/04\/05.jpg|caption^null|alt^null|title^05|description^null&#8220; bg_image_repeat=&#8220;no-repeat&#8220; bg_override=&#8220;ex-full&#8220; css=&#8220;.vc_custom_1559468197523{padding-top: 60px !important;padding-bottom: 60px !important;}&#8220;][vc_column][vc_column_text] KONTAKT [\/vc_column_text][\/vc_column][\/vc_row][vc_row el_class=&#8220;contacts-zindex-higher&#8220;][vc_column][\/vc_column][\/vc_row][vc_row css=&#8220;.vc_custom_1559470282907{padding-top: 60px !important;padding-right: 50px !important;padding-bottom: 60px !important;padding-left: 50px !important;}&#8220;][vc_column width=&#8220;1\/3&#8243;][vc_custom_heading text=&#8220;Faktura\u010dn\u00ed \u00fadaje&#8220; font_container=&#8220;tag:h3|text_align:left&#8220; use_theme_fonts=&#8220;yes&#8220; el_class=&#8220;no-letter-spacing&#8220;][vc_empty_space height=&#8220;10px&#8220;][vc_custom_heading text=&#8220;ECOMP Slovakia, s.r.o. Ko\u0161\u0165any nad Turcom 124 038 41 Ko\u0161\u0165any nad TurcomSlovensk\u00e1 republika I\u010cO: 44788495 DIC: 2022826729 I\u010c-DPH: SK2022826729 Zap. v obchodn\u00edm rejst\u0159\u00edku Okresn\u00edho soudu [&hellip;]","og_url":"https:\/\/estroje.sk\/cs\/kontakt\/","og_site_name":"Estroje.sk","article_modified_time":"2026-04-28T13:42:06+00:00","twitter_card":"summary_large_image","twitter_misc":{"Odhadovan\u00e1 doba \u010dten\u00ed":"3 minuty"},"schema":{"@context":"https:\/\/schema.org","@graph":[{"@type":"WebPage","@id":"https:\/\/estroje.sk\/cs\/kontakt\/","url":"https:\/\/estroje.sk\/cs\/kontakt\/","name":"Kontakt - Estroje.sk","isPartOf":{"@id":"https:\/\/estroje.sk\/cs\/#website"},"datePublished":"2017-07-03T13:49:44+00:00","dateModified":"2026-04-28T13:42:06+00:00","breadcrumb":{"@id":"https:\/\/estroje.sk\/cs\/kontakt\/#breadcrumb"},"inLanguage":"cs","potentialAction":[{"@type":"ReadAction","target":["https:\/\/estroje.sk\/cs\/kontakt\/"]}]},{"@type":"BreadcrumbList","@id":"https:\/\/estroje.sk\/cs\/kontakt\/#breadcrumb","itemListElement":[{"@type":"ListItem","position":1,"name":"Home","item":"https:\/\/estroje.sk\/cs\/"},{"@type":"ListItem","position":2,"name":"Kontakt"}]},{"@type":"WebSite","@id":"https:\/\/estroje.sk\/cs\/#website","url":"https:\/\/estroje.sk\/cs\/","name":"Estroje.sk","description":"CO2 lasere, fiber laser a ostatn\u00e9 grav\u00edrovacie stroje","potentialAction":[{"@type":"SearchAction","target":{"@type":"EntryPoint","urlTemplate":"https:\/\/estroje.sk\/cs\/?s={search_term_string}"},"query-input":{"@type":"PropertyValueSpecification","valueRequired":true,"valueName":"search_term_string"}}],"inLanguage":"cs"}]}},"_links":{"self":[{"href":"https:\/\/estroje.sk\/cs\/wp-json\/wp\/v2\/pages\/14320","targetHints":{"allow":["GET"]}}],"collection":[{"href":"https:\/\/estroje.sk\/cs\/wp-json\/wp\/v2\/pages"}],"about":[{"href":"https:\/\/estroje.sk\/cs\/wp-json\/wp\/v2\/types\/page"}],"author":[{"embeddable":true,"href":"https:\/\/estroje.sk\/cs\/wp-json\/wp\/v2\/users\/1"}],"replies":[{"embeddable":true,"href":"https:\/\/estroje.sk\/cs\/wp-json\/wp\/v2\/comments?post=14320"}],"version-history":[{"count":4,"href":"https:\/\/estroje.sk\/cs\/wp-json\/wp\/v2\/pages\/14320\/revisions"}],"predecessor-version":[{"id":14325,"href":"https:\/\/estroje.sk\/cs\/wp-json\/wp\/v2\/pages\/14320\/revisions\/14325"}],"wp:attachment":[{"href":"https:\/\/estroje.sk\/cs\/wp-json\/wp\/v2\/media?parent=14320"}],"curies":[{"name":"wp","href":"https:\/\/api.w.org\/{rel}","templated":true}]}}